{"id":5159,"date":"2022-03-15T09:23:47","date_gmt":"2022-03-15T09:23:47","guid":{"rendered":"https:\/\/activetime.eu\/style-guide-2\/"},"modified":"2024-12-30T20:07:45","modified_gmt":"2024-12-30T20:07:45","slug":"style-guide-2","status":"publish","type":"page","link":"https:\/\/activetime.eu\/de\/style-guide-2\/","title":{"rendered":"Style Guide"},"content":{"rendered":"\n<p>Der Style Guide bietet Ihnen eine \u00dcbersicht \u00fcber die Standard-Post- und Seitenstile von Paperback. Der Styleguide ist auch eine hervorragende Referenz f\u00fcr Vorschl\u00e4ge zur typografischen Aufbereitung und f\u00fcr Stile f\u00fcr Ihre Inhalte.<\/p>\n\n<hr class=\"wp-block-separator\"\/>\n\n<h4 class=\"wp-block-heading\">Rechtsb\u00fcndiges Bild<\/h4>\n\n<div class=\"wp-block-image\"><figure class=\"alignright\"><img decoding=\"async\" src=\"https:\/\/demo.wptravelengine.com\/travel-booking\/wp-content\/uploads\/sites\/3\/2018\/08\/architecture-circle-city-280172-1-300x169.jpg\" alt=\"\" class=\"wp-image-330\"\/><\/figure><\/div>\n\n<p>Bilder k\u00f6nnen sowohl zweidimensional sein, wie z.B. eine Fotografie oder ein Bildschirm, als auch dreidimensional, wie z.B. eine Statue oder ein Hologramm. Sie k\u00f6nnen von optischen Ger\u00e4ten &#8211; wie Kameras, Spiegeln, Linsen, Teleskopen, Mikroskopen usw. &#8211; und nat\u00fcrlichen Objekten und Ph\u00e4nomenen wie dem menschlichen Auge oder Wasseroberfl\u00e4chen aufgenommen werden. Das Wort Bild wird auch im weiteren Sinne f\u00fcr jede zweidimensionale Figur wie eine Karte, ein Diagramm, ein Tortendiagramm oder ein abstraktes Gem\u00e4lde verwendet. Das Wort Bild wird auch im weiteren Sinne f\u00fcr jede zweidimensionale Figur wie eine Karte, ein Diagramm, ein Tortendiagramm oder ein abstraktes Gem\u00e4lde verwendet. Das Wort Bild wird auch im weiteren Sinne f\u00fcr jede zweidimensionale Figur wie eine Karte, ein Diagramm, ein Tortendiagramm oder ein abstraktes Gem\u00e4lde verwendet.<\/p>\n\n<hr class=\"wp-block-separator\"\/>\n\n<h4 class=\"wp-block-heading\">Linksb\u00fcndiges Bild<\/h4>\n\n<div class=\"wp-block-image\"><figure class=\"alignleft\"><img decoding=\"async\" src=\"https:\/\/demo.wptravelengine.com\/travel-booking\/wp-content\/uploads\/sites\/3\/2018\/08\/water-nature-forest-mountain-fog-sunrise-1200185-pxhere.com-2-1-1-300x173.jpg\" alt=\"\" class=\"wp-image-327\"\/><\/figure><\/div>\n\n<p>Das Wort Bild wird auch im weiteren Sinne f\u00fcr jede zweidimensionale Figur wie eine Karte, ein Diagramm, ein Tortendiagramm oder ein abstraktes Gem\u00e4lde verwendet. In diesem weiteren Sinne k\u00f6nnen Bilder auch manuell gerendert werden, z.B. durch Zeichnen, Malen, Schnitzen, automatisch durch Druck- oder Computergrafiktechnologie gerendert oder durch eine Kombination von Methoden entwickelt werden. Bilder k\u00f6nnen sowohl zweidimensional sein, wie z.B. eine Fotografie oder ein Bildschirm, als auch dreidimensional, wie z.B. eine Statue oder ein Hologramm.<\/p>\n\n<p>Ein fl\u00fcchtiges Bild ist ein Bild, das nur f\u00fcr eine kurze Zeitspanne existiert. Dabei kann es sich um die Reflexion eines Objekts durch einen Spiegel, die Projektion einer Camera Obscura oder die Darstellung einer Szene auf einer Kathodenstrahlr\u00f6hre handeln. Ein fixiertes Bild, auch Hardcopy genannt.<\/p>\n\n<hr class=\"wp-block-separator\"\/>\n\n<h1 class=\"wp-block-heading\">\u00dcberschrift Eins<\/h1>\n\n<h2 class=\"wp-block-heading\">\u00dcberschrift Zwei<\/h2>\n\n<h3 class=\"wp-block-heading\">\u00dcberschrift Drei<\/h3>\n\n<h4 class=\"wp-block-heading\">\u00dcberschrift Vier<\/h4>\n\n<h5 class=\"wp-block-heading\">\u00dcberschrift F\u00fcnf<\/h5>\n\n<h6 class=\"wp-block-heading\">\u00dcberschrift Sechs<\/h6>\n\n<hr class=\"wp-block-separator\"\/>\n\n<h3 class=\"wp-block-heading\">Blockquote<\/h3>\n\n<blockquote class=\"wp-block-quote is-layout-flow wp-block-quote-is-layout-flow\"><p>Das Blockzitat wird verwendet, um das Zitat eines gro\u00dfen Textabschnitts aus einer anderen Quelle anzugeben. Er kann so lang oder so kurz sein, wie Sie m\u00f6chten!<\/p><p>Diejenigen von uns, die die ganze Nacht wach waren, waren nicht in der Stimmung f\u00fcr Kaffee und Donuts, wir wollten starke Getr\u00e4nke. Schlie\u00dflich waren wir die absolute Creme de la Creme der nationalen Sportpresse.<\/p><\/blockquote>\n\n<h3 class=\"wp-block-heading\" id=\"pull-quotes\">Typografie Stile<\/h3>\n\n<p>Der Vorsatz ist ein dekoratives Element, das in der Regel in Dokumenten am Anfang eines Abschnitts oder Kapitels verwendet wird. Es handelt sich um einen gro\u00dfen Gro\u00dfbuchstaben am Anfang eines Absatzes oder eines Textblocks, der die Tiefe von zwei oder mehr Zeilen normalen Textes hat. Sie k\u00f6nnen jedem Absatz ganz einfach ein Dropcap hinzuf\u00fcgen, indem Sie die Klasse <strong>dropcap<\/strong> wie unten gezeigt hinzuf\u00fcgen:<\/p>\n\n<pre class=\"wp-block-preformatted\"><span class=\"dropcap\">So<\/span>f\u00fcgen Sie ein Dropcap hinzu.<\/pre>\n\n<hr class=\"wp-block-separator\"\/>\n\n<h3 class=\"wp-block-heading\">Tabelle Stile<\/h3>\n\n<figure class=\"wp-block-table\"><table><thead><tr><th>BEATLE<\/th><th>INSTRUMENT<\/th><th>SONG<\/th><\/tr><\/thead><tbody><tr><td>John Lennon<\/td><td>Gitarre<\/td><td>Ein Tag im Leben<\/td><\/tr><tr><td>George Harrison<\/td><td>Gitarre<\/td><td>Alter brauner Schuh<\/td><\/tr><tr><td>Paul McCartney<\/td><td>Bass<\/td><td>Helter Skelter<\/td><\/tr><tr><td>Ringo Starr<\/td><td>Schlagzeug<\/td><td>Gehen Sie nicht an mir vorbei<\/td><\/tr><\/tbody><\/table><\/figure>\n\n<hr class=\"wp-block-separator\"\/>\n\n<h3 class=\"wp-block-heading\">Code Formatierung<\/h3>\n\n<pre class=\"wp-block-preformatted\">pre {\n    position: relative;\n    background: #f7f7f7;\n    font-family: \"Courier 10 Pitch\", Courier, monospace;\n    font-size: 15px;\n    font-size: 1.5rem;\n    line-height: 1.6;\n    margin-bottom: 1.6em;\n    padding: 1.6em;\n    overflow: auto;\n    max-width: 100%;\n    tab-size: 4;\n}<\/pre>\n\n<hr class=\"wp-block-separator\"\/>\n\n<h3 class=\"wp-block-heading\">Gemischte Listenelemente<\/h3>\n\n<ul class=\"wp-block-list\"><li>Ungeordnetes Listenelement eins<\/li><li>Ungeordnetes Listenelement zwei<ol><li>Bestellte Listenposition eins<\/li><li>Bestellte Liste Punkt zwei<ul><li>Ungeordnetes Listenelement eins<\/li><li>Ungeordnetes Listenelement zwei<ol><li>Bestellte Listenposition eins<\/li><li>Bestellte Liste Punkt zwei<\/li><li>Bestellte Liste Punkt drei<\/li><\/ol><\/li><li>Ungeordnete Liste Punkt drei<\/li><\/ul><\/li><li>Bestellte Liste Punkt drei<\/li><\/ol><\/li><li>Ungeordnete Liste Punkt drei<\/li><\/ul>\n","protected":false},"excerpt":{"rendered":"<p>Der Style Guide bietet Ihnen eine \u00dcbersicht \u00fcber die Standard-Post- und Seitenstile von Paperback. Der Styleguide ist auch eine hervorragende Referenz f\u00fcr Vorschl\u00e4ge zur typografischen Aufbereitung und f\u00fcr Stile f\u00fcr &hellip; <\/p>\n","protected":false},"author":1,"featured_media":229,"parent":0,"menu_order":0,"comment_status":"closed","ping_status":"closed","template":"","meta":{"_monsterinsights_skip_tracking":false,"_monsterinsights_sitenote_active":false,"_monsterinsights_sitenote_note":"","_monsterinsights_sitenote_category":0,"footnotes":""},"class_list":["post-5159","page","type-page","status-publish","has-post-thumbnail","hentry","latest_post"],"aioseo_notices":[],"_links":{"self":[{"href":"https:\/\/activetime.eu\/de\/wp-json\/wp\/v2\/pages\/5159","targetHints":{"allow":["GET"]}}],"collection":[{"href":"https:\/\/activetime.eu\/de\/wp-json\/wp\/v2\/pages"}],"about":[{"href":"https:\/\/activetime.eu\/de\/wp-json\/wp\/v2\/types\/page"}],"author":[{"embeddable":true,"href":"https:\/\/activetime.eu\/de\/wp-json\/wp\/v2\/users\/1"}],"replies":[{"embeddable":true,"href":"https:\/\/activetime.eu\/de\/wp-json\/wp\/v2\/comments?post=5159"}],"version-history":[{"count":1,"href":"https:\/\/activetime.eu\/de\/wp-json\/wp\/v2\/pages\/5159\/revisions"}],"predecessor-version":[{"id":5160,"href":"https:\/\/activetime.eu\/de\/wp-json\/wp\/v2\/pages\/5159\/revisions\/5160"}],"wp:featuredmedia":[{"embeddable":true,"href":"https:\/\/activetime.eu\/de\/wp-json\/wp\/v2\/media\/229"}],"wp:attachment":[{"href":"https:\/\/activetime.eu\/de\/wp-json\/wp\/v2\/media?parent=5159"}],"curies":[{"name":"wp","href":"https:\/\/api.w.org\/{rel}","templated":true}]}}