{"id":4646,"date":"2022-03-15T09:23:47","date_gmt":"2022-03-15T09:23:47","guid":{"rendered":"https:\/\/activetime.eu\/guia-de-estilo\/"},"modified":"2024-12-30T20:05:14","modified_gmt":"2024-12-30T20:05:14","slug":"guia-de-estilo","status":"publish","type":"page","link":"https:\/\/activetime.eu\/es\/guia-de-estilo\/","title":{"rendered":"Gu\u00eda de estilo"},"content":{"rendered":"\n<p>La gu\u00eda de estilo te proporciona un plano de los estilos de entrada y p\u00e1gina predeterminados de Paperback. La gu\u00eda de estilo tambi\u00e9n es una gran referencia para el tratamiento tipogr\u00e1fico y los estilos sugeridos para tu contenido. <\/p>\n\n<hr class=\"wp-block-separator\"\/>\n\n<h4 class=\"wp-block-heading\">Imagen alineada a la derecha<\/h4>\n\n<div class=\"wp-block-image\"><figure class=\"alignright\"><img decoding=\"async\" src=\"https:\/\/demo.wptravelengine.com\/travel-booking\/wp-content\/uploads\/sites\/3\/2018\/08\/architecture-circle-city-280172-1-300x169.jpg\" alt=\"\" class=\"wp-image-330\"\/><\/figure><\/div>\n\n<p>Las im\u00e1genes pueden ser bidimensionales, como una fotograf\u00eda, una visualizaci\u00f3n en pantalla, y tambi\u00e9n tridimensionales, como una estatua o un holograma. Pueden ser captadas por dispositivos \u00f3pticos -como c\u00e1maras, espejos, lentes, telescopios, microscopios, etc.- y objetos y fen\u00f3menos naturales, como el ojo humano o la superficie del agua. La palabra imagen tambi\u00e9n se utiliza en el sentido m\u00e1s amplio de cualquier figura bidimensional, como un mapa, un gr\u00e1fico, un diagrama circular o una pintura abstracta. La palabra imagen tambi\u00e9n se utiliza en el sentido m\u00e1s amplio de cualquier figura bidimensional, como un mapa, un gr\u00e1fico, un diagrama circular o una pintura abstracta. La palabra imagen tambi\u00e9n se utiliza en el sentido m\u00e1s amplio de cualquier figura bidimensional, como un mapa, un gr\u00e1fico, un diagrama circular o una pintura abstracta.    <\/p>\n\n<hr class=\"wp-block-separator\"\/>\n\n<h4 class=\"wp-block-heading\">Imagen alineada a la izquierda<\/h4>\n\n<div class=\"wp-block-image\"><figure class=\"alignleft\"><img decoding=\"async\" src=\"https:\/\/demo.wptravelengine.com\/travel-booking\/wp-content\/uploads\/sites\/3\/2018\/08\/water-nature-forest-mountain-fog-sunrise-1200185-pxhere.com-2-1-1-300x173.jpg\" alt=\"\" class=\"wp-image-327\"\/><\/figure><\/div>\n\n<p>La palabra imagen tambi\u00e9n se utiliza en el sentido m\u00e1s amplio de cualquier figura bidimensional, como un mapa, un gr\u00e1fico, un diagrama circular o una pintura abstracta. En este sentido m\u00e1s amplio, las im\u00e1genes tambi\u00e9n pueden representarse manualmente, como dibujando, pintando, tallando, representarse autom\u00e1ticamente mediante impresi\u00f3n o tecnolog\u00eda de gr\u00e1ficos por ordenador, o desarrollarse mediante una combinaci\u00f3n de m\u00e9todos. Las im\u00e1genes pueden ser bidimensionales, como una fotograf\u00eda, una visualizaci\u00f3n en pantalla, y tambi\u00e9n tridimensionales, como una estatua o un holograma.  <\/p>\n\n<p>Una imagen vol\u00e1til es aquella que s\u00f3lo existe durante un breve periodo de tiempo. Puede ser el reflejo de un objeto en un espejo, la proyecci\u00f3n de una c\u00e1mara oscura o una escena visualizada en un tubo de rayos cat\u00f3dicos. Una imagen fija, tambi\u00e9n llamada copia impresa.  <\/p>\n\n<hr class=\"wp-block-separator\"\/>\n\n<h1 class=\"wp-block-heading\">R\u00fabrica 1<\/h1>\n\n<h2 class=\"wp-block-heading\">R\u00fabrica 2<\/h2>\n\n<h3 class=\"wp-block-heading\">R\u00fabrica tres<\/h3>\n\n<h4 class=\"wp-block-heading\">R\u00fabrica 4<\/h4>\n\n<h5 class=\"wp-block-heading\">R\u00fabrica Cinco<\/h5>\n\n<h6 class=\"wp-block-heading\">R\u00fabrica Seis<\/h6>\n\n<hr class=\"wp-block-separator\"\/>\n\n<h3 class=\"wp-block-heading\">Cita en bloque<\/h3>\n\n<blockquote class=\"wp-block-quote is-layout-flow wp-block-quote-is-layout-flow\"><p>La cita en bloque se utiliza para indicar la cita de una gran secci\u00f3n de texto de otra fuente. Puede ser tan larga o tan corta como quieras. <\/p><p>Los que hab\u00edamos estado despiertos toda la noche no est\u00e1bamos de humor para caf\u00e9 y donuts, quer\u00edamos bebida fuerte. Al fin y al cabo, \u00e9ramos la flor y nata de la prensa deportiva nacional. <\/p><\/blockquote>\n\n<h3 class=\"wp-block-heading\" id=\"pull-quotes\">Estilos tipogr\u00e1ficos<\/h3>\n\n<p>El remate es un elemento decorativo que se suele utilizar en los documentos al comienzo de una secci\u00f3n o cap\u00edtulo. Es una letra may\u00fascula grande al principio de un p\u00e1rrafo o bloque de texto que tiene la profundidad de dos o m\u00e1s l\u00edneas de texto normal. Puedes a\u00f1adir f\u00e1cilmente un adropcap a cualquier p\u00e1rrafo a\u00f1adiendo la clase <strong>adropcap<\/strong> como se ve a continuaci\u00f3n:  <\/p>\n\n<pre class=\"wp-block-preformatted\"><span class=\"dropcap\">As\u00ed<\/span>es como se a\u00f1ade un dropcap.<\/pre>\n\n<hr class=\"wp-block-separator\"\/>\n\n<h3 class=\"wp-block-heading\">Estilos de mesa<\/h3>\n\n<figure class=\"wp-block-table\"><table><thead><tr><th>BEATLE<\/th><th>INSTRUMENTO<\/th><th>CANCI\u00d3N<\/th><\/tr><\/thead><tbody><tr><td>John Lennon<\/td><td>Guitarra<\/td><td>Un d\u00eda en la vida<\/td><\/tr><tr><td>George Harrison<\/td><td>Guitarra<\/td><td>Zapato viejo marr\u00f3n<\/td><\/tr><tr><td>Paul McCartney<\/td><td>Bajo<\/td><td>Helter Skelter<\/td><\/tr><tr><td>Ringo Starr<\/td><td>Tambores<\/td><td>No pases de m\u00ed<\/td><\/tr><\/tbody><\/table><\/figure>\n\n<hr class=\"wp-block-separator\"\/>\n\n<h3 class=\"wp-block-heading\">Formato del c\u00f3digo<\/h3>\n\n<pre class=\"wp-block-preformatted\">pre {\n    position: relative;\n    background: #f7f7f7;\n    font-family: \"Courier 10 Pitch\", Courier, monospace;\n    font-size: 15px;\n    font-size: 1.5rem;\n    line-height: 1.6;\n    margin-bottom: 1.6em;\n    padding: 1.6em;\n    overflow: auto;\n    max-width: 100%;\n    tab-size: 4;\n}<\/pre>\n\n<hr class=\"wp-block-separator\"\/>\n\n<h3 class=\"wp-block-heading\">Elementos de la lista mixta<\/h3>\n\n<ul class=\"wp-block-list\"><li>Elemento uno de la lista desordenada<\/li><li>Elemento dos de la lista desordenada<ol><li>Lista ordenada elemento uno<\/li><li>Punto dos de la lista ordenada<ul><li>Elemento uno de la lista desordenada<\/li><li>Elemento dos de la lista desordenada<ol><li>Lista ordenada elemento uno<\/li><li>Punto dos de la lista ordenada<\/li><li>Punto tres de la lista ordenada<\/li><\/ol><\/li><li>Elemento tres de la lista desordenada<\/li><\/ul><\/li><li>Punto tres de la lista ordenada<\/li><\/ol><\/li><li>Elemento tres de la lista desordenada<\/li><\/ul>\n","protected":false},"excerpt":{"rendered":"<p>La gu\u00eda de estilo te proporciona un plano de los estilos de entrada y p\u00e1gina predeterminados de Paperback. La gu\u00eda de estilo tambi\u00e9n es una gran referencia para el tratamiento &hellip; <\/p>\n","protected":false},"author":1,"featured_media":229,"parent":0,"menu_order":0,"comment_status":"closed","ping_status":"closed","template":"","meta":{"_monsterinsights_skip_tracking":false,"_monsterinsights_sitenote_active":false,"_monsterinsights_sitenote_note":"","_monsterinsights_sitenote_category":0,"footnotes":""},"class_list":["post-4646","page","type-page","status-publish","has-post-thumbnail","hentry","latest_post"],"aioseo_notices":[],"_links":{"self":[{"href":"https:\/\/activetime.eu\/es\/wp-json\/wp\/v2\/pages\/4646","targetHints":{"allow":["GET"]}}],"collection":[{"href":"https:\/\/activetime.eu\/es\/wp-json\/wp\/v2\/pages"}],"about":[{"href":"https:\/\/activetime.eu\/es\/wp-json\/wp\/v2\/types\/page"}],"author":[{"embeddable":true,"href":"https:\/\/activetime.eu\/es\/wp-json\/wp\/v2\/users\/1"}],"replies":[{"embeddable":true,"href":"https:\/\/activetime.eu\/es\/wp-json\/wp\/v2\/comments?post=4646"}],"version-history":[{"count":1,"href":"https:\/\/activetime.eu\/es\/wp-json\/wp\/v2\/pages\/4646\/revisions"}],"predecessor-version":[{"id":4649,"href":"https:\/\/activetime.eu\/es\/wp-json\/wp\/v2\/pages\/4646\/revisions\/4649"}],"wp:featuredmedia":[{"embeddable":true,"href":"https:\/\/activetime.eu\/es\/wp-json\/wp\/v2\/media\/229"}],"wp:attachment":[{"href":"https:\/\/activetime.eu\/es\/wp-json\/wp\/v2\/media?parent=4646"}],"curies":[{"name":"wp","href":"https:\/\/api.w.org\/{rel}","templated":true}]}}