{"id":5065,"date":"2024-12-30T15:56:54","date_gmt":"2024-12-30T13:56:54","guid":{"rendered":"https:\/\/activetime.eu\/sobre-nosotros\/"},"modified":"2025-01-17T14:22:34","modified_gmt":"2025-01-17T14:22:34","slug":"sobre-nosotros","status":"publish","type":"page","link":"https:\/\/activetime.eu\/es\/sobre-nosotros\/","title":{"rendered":"Sobre nosotros"},"content":{"rendered":"\n<h1 class=\"wp-block-heading\">Informaci\u00f3n<\/h1>\n\n<p>La Fundaci\u00f3n Media World Cup es la organizadora de una serie de eventos para editores, redactores, personas influyentes y periodistas de todo el mundo.<br\/>Es el mayor evento de este tipo en el mundo: integraci\u00f3n del medio ambiente y exploraci\u00f3n de atractivos destinos de turismo activo.<br\/><br\/>800 periodistas de 31 pa\u00edses participaron en diez ediciones: Alemania, Argentina, Australia, Austria, Armenia, Brasil, B\u00e9lgica, Canad\u00e1, China, Dinamarca, Espa\u00f1a, Estados Unidos, Finlandia, Francia, Grecia, Hungr\u00eda, Kasajst\u00e1n, Israel, Italia, Jap\u00f3n, Lituania, Noruega, Pa\u00edses Bajos, Reino Unido, Rep\u00fablica Checa, Suecia, Suiza, Taiw\u00e1n, Turqu\u00eda, Ucrania y Polonia.<\/p>\n\n<p>Este a\u00f1o, la fundaci\u00f3n lanz\u00f3 el proyecto Tiempo Activo para los entusiastas del estilo de vida activo.<\/p>\n\n<div style=\"height:100px\" aria-hidden=\"true\" class=\"wp-block-spacer\"><\/div>\n\n<figure class=\"wp-block-embed is-type-video is-provider-youtube wp-block-embed-youtube wp-embed-aspect-16-9 wp-has-aspect-ratio\"><div class=\"wp-block-embed__wrapper\"> \n<iframe loading=\"lazy\" title=\"Malopolska Media World Cup 2023\" width=\"910\" height=\"512\" src=\"https:\/\/www.youtube.com\/embed\/s0MvawzD31I?feature=oembed\" frameborder=\"0\" allow=\"accelerometer; autoplay; clipboard-write; encrypted-media; gyroscope; picture-in-picture; web-share\" referrerpolicy=\"strict-origin-when-cross-origin\" allowfullscreen><\/iframe>\n <\/div><\/figure>\n\n<div style=\"height:100px\" aria-hidden=\"true\" class=\"wp-block-spacer\"><\/div>\n\n<div class=\"wp-block-buttons is-layout-flex wp-block-buttons-is-layout-flex\">\n<div class=\"wp-block-button\"><a class=\"wp-block-button__link has-vivid-cyan-blue-background-color has-background has-text-align-center wp-element-button\" href=\"https:\/\/mwcup.pl\/media-world-cup-fundation\/\">M\u00e1s informaci\u00f3n sobre Media World Cup Fundation<\/a><\/div>\n<\/div>\n\n\n","protected":false},"excerpt":{"rendered":"<p>Informaci\u00f3n La Fundaci\u00f3n Media World Cup es la organizadora de una serie de eventos para editores, redactores, personas influyentes y periodistas de todo el mundo.Es el mayor evento de este &hellip; <\/p>\n","protected":false},"author":1,"featured_media":0,"parent":0,"menu_order":0,"comment_status":"closed","ping_status":"closed","template":"","meta":{"_monsterinsights_skip_tracking":false,"_monsterinsights_sitenote_active":false,"_monsterinsights_sitenote_note":"","_monsterinsights_sitenote_category":0,"footnotes":""},"class_list":["post-5065","page","type-page","status-publish","hentry","latest_post"],"aioseo_notices":[],"_links":{"self":[{"href":"https:\/\/activetime.eu\/es\/wp-json\/wp\/v2\/pages\/5065","targetHints":{"allow":["GET"]}}],"collection":[{"href":"https:\/\/activetime.eu\/es\/wp-json\/wp\/v2\/pages"}],"about":[{"href":"https:\/\/activetime.eu\/es\/wp-json\/wp\/v2\/types\/page"}],"author":[{"embeddable":true,"href":"https:\/\/activetime.eu\/es\/wp-json\/wp\/v2\/users\/1"}],"replies":[{"embeddable":true,"href":"https:\/\/activetime.eu\/es\/wp-json\/wp\/v2\/comments?post=5065"}],"version-history":[{"count":2,"href":"https:\/\/activetime.eu\/es\/wp-json\/wp\/v2\/pages\/5065\/revisions"}],"predecessor-version":[{"id":7284,"href":"https:\/\/activetime.eu\/es\/wp-json\/wp\/v2\/pages\/5065\/revisions\/7284"}],"wp:attachment":[{"href":"https:\/\/activetime.eu\/es\/wp-json\/wp\/v2\/media?parent=5065"}],"curies":[{"name":"wp","href":"https:\/\/api.w.org\/{rel}","templated":true}]}}