{"id":5088,"date":"2022-03-18T06:59:03","date_gmt":"2022-03-18T06:59:03","guid":{"rendered":"https:\/\/activetime.eu\/equipo-2\/"},"modified":"2024-12-30T20:07:22","modified_gmt":"2024-12-30T20:07:22","slug":"equipo-2","status":"publish","type":"page","link":"https:\/\/activetime.eu\/es\/equipo-2\/","title":{"rendered":"Equipo"},"content":{"rendered":"\n<p>Nuestro equipo est\u00e1 formado por personas comprometidas que se ocupan de las operaciones, las finanzas y las ventas, y es gracias a su profesionalidad que Himalayan Glacier ha podido prestar servicios de tan alta calidad a sus clientes a lo largo de los a\u00f1os. El nuestro es un equipo de entusiastas de la naturaleza comprometidos con los viajes por el mundo y que comparten una devoci\u00f3n com\u00fan por las actividades al aire libre. Durante m\u00e1s de dos d\u00e9cadas, hemos ampliado nuestros servicios proporcionando destinos e itinerarios nuevos y \u00fanicos, m\u00e1s que adecuados para complacer a nuestros clientes.  <\/p>\n\n<figure class=\"wp-block-image size-large\"><img loading=\"lazy\" decoding=\"async\" width=\"1024\" height=\"768\" src=\"https:\/\/activetime.eu\/wp-content\/uploads\/2022\/03\/nature-walking-hiking-travel-europe-spring-362370-pxhere.com-1-1024x768.jpg\" alt=\"\" class=\"wp-image-109\" srcset=\"https:\/\/activetime.eu\/wp-content\/uploads\/2022\/03\/nature-walking-hiking-travel-europe-spring-362370-pxhere.com-1-1024x768.jpg 1024w, https:\/\/activetime.eu\/wp-content\/uploads\/2022\/03\/nature-walking-hiking-travel-europe-spring-362370-pxhere.com-1-300x225.jpg 300w, https:\/\/activetime.eu\/wp-content\/uploads\/2022\/03\/nature-walking-hiking-travel-europe-spring-362370-pxhere.com-1-768x576.jpg 768w, https:\/\/activetime.eu\/wp-content\/uploads\/2022\/03\/nature-walking-hiking-travel-europe-spring-362370-pxhere.com-1-80x60.jpg 80w, https:\/\/activetime.eu\/wp-content\/uploads\/2022\/03\/nature-walking-hiking-travel-europe-spring-362370-pxhere.com-1.jpg 1440w\" sizes=\"auto, (max-width: 1024px) 100vw, 1024px\" \/><\/figure>\n","protected":false},"excerpt":{"rendered":"<p>Nuestro equipo est\u00e1 formado por personas comprometidas que se ocupan de las operaciones, las finanzas y las ventas, y es gracias a su profesionalidad que Himalayan Glacier ha podido prestar &hellip; <\/p>\n","protected":false},"author":1,"featured_media":0,"parent":0,"menu_order":0,"comment_status":"closed","ping_status":"closed","template":"","meta":{"_monsterinsights_skip_tracking":false,"_monsterinsights_sitenote_active":false,"_monsterinsights_sitenote_note":"","_monsterinsights_sitenote_category":0,"footnotes":""},"class_list":["post-5088","page","type-page","status-publish","hentry","latest_post"],"aioseo_notices":[],"_links":{"self":[{"href":"https:\/\/activetime.eu\/es\/wp-json\/wp\/v2\/pages\/5088","targetHints":{"allow":["GET"]}}],"collection":[{"href":"https:\/\/activetime.eu\/es\/wp-json\/wp\/v2\/pages"}],"about":[{"href":"https:\/\/activetime.eu\/es\/wp-json\/wp\/v2\/types\/page"}],"author":[{"embeddable":true,"href":"https:\/\/activetime.eu\/es\/wp-json\/wp\/v2\/users\/1"}],"replies":[{"embeddable":true,"href":"https:\/\/activetime.eu\/es\/wp-json\/wp\/v2\/comments?post=5088"}],"version-history":[{"count":1,"href":"https:\/\/activetime.eu\/es\/wp-json\/wp\/v2\/pages\/5088\/revisions"}],"predecessor-version":[{"id":5089,"href":"https:\/\/activetime.eu\/es\/wp-json\/wp\/v2\/pages\/5088\/revisions\/5089"}],"wp:attachment":[{"href":"https:\/\/activetime.eu\/es\/wp-json\/wp\/v2\/media?parent=5088"}],"curies":[{"name":"wp","href":"https:\/\/api.w.org\/{rel}","templated":true}]}}