{"id":5062,"date":"2024-12-30T15:56:54","date_gmt":"2024-12-30T13:56:54","guid":{"rendered":"https:\/\/activetime.eu\/a-propos-de-nous\/"},"modified":"2025-01-17T14:22:34","modified_gmt":"2025-01-17T14:22:34","slug":"a-propos-de-nous","status":"publish","type":"page","link":"https:\/\/activetime.eu\/fr\/a-propos-de-nous\/","title":{"rendered":"A propos de nous"},"content":{"rendered":"\n<h1 class=\"wp-block-heading\">Informations<\/h1>\n\n<p>La Media World Cup Foundation est l&#8217;organisatrice d&#8217;une s\u00e9rie d&#8217;\u00e9v\u00e9nements destin\u00e9s aux \u00e9diteurs, r\u00e9dacteurs en chef, influenceurs et journalistes du monde entier.<br\/>Il s&#8217;agit du plus grand \u00e9v\u00e9nement de ce type au monde &#8211; int\u00e9gration de l&#8217;environnement et d\u00e9couverte de destinations de tourisme actif attrayantes.<br\/><br\/>800 journalistes de 31 pays ont particip\u00e9 \u00e0 dix \u00e9ditions : Allemagne, Argentine, Australie, Autriche, Arm\u00e9nie, Br\u00e9sil, Belgique, Canada, Chine, Danemark, Espagne, \u00c9tats-Unis, Finlande, France, Gr\u00e8ce, Hongrie, Kasachstan, Isra\u00ebl, Italie, Japon, Lituanie, Norv\u00e8ge, Pays-Bas, R\u00e9publique tch\u00e8que, Su\u00e8de, Suisse, Ta\u00efwan, Turquie, Royaume-Uni, Ukraine et Pologne.<\/p>\n\n<p>Cette ann\u00e9e, la fondation a lanc\u00e9 le projet Active Time pour les adeptes d&#8217;un mode de vie actif.<\/p>\n\n<div style=\"height:100px\" aria-hidden=\"true\" class=\"wp-block-spacer\"><\/div>\n\n<figure class=\"wp-block-embed is-type-video is-provider-youtube wp-block-embed-youtube wp-embed-aspect-16-9 wp-has-aspect-ratio\"><div class=\"wp-block-embed__wrapper\"> \n<iframe loading=\"lazy\" title=\"Malopolska Media World Cup 2023\" width=\"910\" height=\"512\" src=\"https:\/\/www.youtube.com\/embed\/s0MvawzD31I?feature=oembed\" frameborder=\"0\" allow=\"accelerometer; autoplay; clipboard-write; encrypted-media; gyroscope; picture-in-picture; web-share\" referrerpolicy=\"strict-origin-when-cross-origin\" allowfullscreen><\/iframe>\n <\/div><\/figure>\n\n<div style=\"height:100px\" aria-hidden=\"true\" class=\"wp-block-spacer\"><\/div>\n\n<div class=\"wp-block-buttons is-layout-flex wp-block-buttons-is-layout-flex\">\n<div class=\"wp-block-button\"><a class=\"wp-block-button__link has-vivid-cyan-blue-background-color has-background has-text-align-center wp-element-button\" href=\"https:\/\/mwcup.pl\/media-world-cup-fundation\/\">Plus d&#8217;informations sur la Media World Cup Fundation<\/a><\/div>\n<\/div>\n\n\n","protected":false},"excerpt":{"rendered":"<p>Informations La Media World Cup Foundation est l&#8217;organisatrice d&#8217;une s\u00e9rie d&#8217;\u00e9v\u00e9nements destin\u00e9s aux \u00e9diteurs, r\u00e9dacteurs en chef, influenceurs et journalistes du monde entier.Il s&#8217;agit du plus grand \u00e9v\u00e9nement de ce &hellip; <\/p>\n","protected":false},"author":1,"featured_media":0,"parent":0,"menu_order":0,"comment_status":"closed","ping_status":"closed","template":"","meta":{"_monsterinsights_skip_tracking":false,"_monsterinsights_sitenote_active":false,"_monsterinsights_sitenote_note":"","_monsterinsights_sitenote_category":0,"footnotes":""},"class_list":["post-5062","page","type-page","status-publish","hentry","latest_post"],"aioseo_notices":[],"_links":{"self":[{"href":"https:\/\/activetime.eu\/fr\/wp-json\/wp\/v2\/pages\/5062","targetHints":{"allow":["GET"]}}],"collection":[{"href":"https:\/\/activetime.eu\/fr\/wp-json\/wp\/v2\/pages"}],"about":[{"href":"https:\/\/activetime.eu\/fr\/wp-json\/wp\/v2\/types\/page"}],"author":[{"embeddable":true,"href":"https:\/\/activetime.eu\/fr\/wp-json\/wp\/v2\/users\/1"}],"replies":[{"embeddable":true,"href":"https:\/\/activetime.eu\/fr\/wp-json\/wp\/v2\/comments?post=5062"}],"version-history":[{"count":2,"href":"https:\/\/activetime.eu\/fr\/wp-json\/wp\/v2\/pages\/5062\/revisions"}],"predecessor-version":[{"id":7286,"href":"https:\/\/activetime.eu\/fr\/wp-json\/wp\/v2\/pages\/5062\/revisions\/7286"}],"wp:attachment":[{"href":"https:\/\/activetime.eu\/fr\/wp-json\/wp\/v2\/media?parent=5062"}],"curies":[{"name":"wp","href":"https:\/\/api.w.org\/{rel}","templated":true}]}}