{"id":5522,"date":"2022-03-15T09:23:47","date_gmt":"2022-03-15T09:23:47","guid":{"rendered":"https:\/\/activetime.eu\/guide-de-style-2\/"},"modified":"2024-12-30T20:10:31","modified_gmt":"2024-12-30T20:10:31","slug":"guide-de-style-2","status":"publish","type":"page","link":"https:\/\/activetime.eu\/fr\/guide-de-style-2\/","title":{"rendered":"Guide de style"},"content":{"rendered":"\n<p>Le guide de style vous donne un aper\u00e7u des styles par d\u00e9faut des articles et des pages de Paperback. Le guide de style est \u00e9galement une excellente r\u00e9f\u00e9rence pour le traitement typographique et les styles sugg\u00e9r\u00e9s pour votre contenu. <\/p>\n\n<hr class=\"wp-block-separator\"\/>\n\n<h4 class=\"wp-block-heading\">Image align\u00e9e \u00e0 droite<\/h4>\n\n<div class=\"wp-block-image\"><figure class=\"alignright\"><img decoding=\"async\" src=\"https:\/\/demo.wptravelengine.com\/travel-booking\/wp-content\/uploads\/sites\/3\/2018\/08\/architecture-circle-city-280172-1-300x169.jpg\" alt=\"\" class=\"wp-image-330\"\/><\/figure><\/div>\n\n<p>Les images peuvent \u00eatre bidimensionnelles, comme une photographie, un affichage sur \u00e9cran, ou tridimensionnelles, comme une statue ou un hologramme. Elles peuvent \u00eatre captur\u00e9es par des dispositifs optiques &#8211; tels que des cam\u00e9ras, des miroirs, des lentilles, des t\u00e9lescopes, des microscopes, etc. et des objets et ph\u00e9nom\u00e8nes naturels, tels que l&#8217;\u0153il humain ou les surfaces d&#8217;eau. Le mot image est \u00e9galement utilis\u00e9 dans le sens plus large de toute figure bidimensionnelle telle qu&#8217;une carte, un graphique, un diagramme circulaire ou une peinture abstraite. Le terme &#8220;image&#8221; est \u00e9galement utilis\u00e9 au sens large de toute figure bidimensionnelle telle qu&#8217;une carte, un graphique, un diagramme circulaire ou une peinture abstraite. Le mot image est \u00e9galement utilis\u00e9 au sens large de toute figure bidimensionnelle telle qu&#8217;une carte, un graphique, un diagramme circulaire ou une peinture abstraite.    <\/p>\n\n<hr class=\"wp-block-separator\"\/>\n\n<h4 class=\"wp-block-heading\">Image align\u00e9e \u00e0 gauche<\/h4>\n\n<div class=\"wp-block-image\"><figure class=\"alignleft\"><img decoding=\"async\" src=\"https:\/\/demo.wptravelengine.com\/travel-booking\/wp-content\/uploads\/sites\/3\/2018\/08\/water-nature-forest-mountain-fog-sunrise-1200185-pxhere.com-2-1-1-300x173.jpg\" alt=\"\" class=\"wp-image-327\"\/><\/figure><\/div>\n\n<p>Le mot image est \u00e9galement utilis\u00e9 dans le sens plus large de toute figure bidimensionnelle telle qu&#8217;une carte, un graphique, un diagramme circulaire ou une peinture abstraite. Dans ce sens plus large, les images peuvent \u00e9galement \u00eatre rendues manuellement, par exemple par le dessin, la peinture, la gravure, rendues automatiquement par l&#8217;impression ou la technologie graphique informatique, ou d\u00e9velopp\u00e9es par une combinaison de m\u00e9thodes. Les images peuvent \u00eatre bidimensionnelles, comme une photographie, un affichage sur \u00e9cran, ou tridimensionnelles, comme une statue ou un hologramme.  <\/p>\n\n<p>Une image volatile est une image qui n&#8217;existe que pendant une courte p\u00e9riode. Il peut s&#8217;agir de la r\u00e9flexion d&#8217;un objet par un miroir, de la projection d&#8217;une camera obscura ou d&#8217;une sc\u00e8ne affich\u00e9e sur un tube cathodique. Une image fixe, \u00e9galement appel\u00e9e copie papier.  <\/p>\n\n<hr class=\"wp-block-separator\"\/>\n\n<h1 class=\"wp-block-heading\">Rubrique 1<\/h1>\n\n<h2 class=\"wp-block-heading\">Rubrique 2<\/h2>\n\n<h3 class=\"wp-block-heading\">Troisi\u00e8me rubrique<\/h3>\n\n<h4 class=\"wp-block-heading\">Quatri\u00e8me rubrique<\/h4>\n\n<h5 class=\"wp-block-heading\">Rubrique cinq<\/h5>\n\n<h6 class=\"wp-block-heading\">Rubrique six<\/h6>\n\n<hr class=\"wp-block-separator\"\/>\n\n<h3 class=\"wp-block-heading\">Citation en bloc<\/h3>\n\n<blockquote class=\"wp-block-quote is-layout-flow wp-block-quote-is-layout-flow\"><p>La citation en bloc est utilis\u00e9e pour indiquer la citation d&#8217;une grande partie du texte d&#8217;une autre source. Elle peut \u00eatre aussi longue ou aussi courte que vous le souhaitez ! <\/p><p>Ceux d&#8217;entre nous qui avaient veill\u00e9 toute la nuit n&#8217;\u00e9taient pas d&#8217;humeur \u00e0 boire du caf\u00e9 et des beignets, nous voulions des boissons fortes. Apr\u00e8s tout, nous \u00e9tions la cr\u00e8me de la cr\u00e8me de la presse sportive nationale. <\/p><\/blockquote>\n\n<h3 class=\"wp-block-heading\" id=\"pull-quotes\">Styles typographiques<\/h3>\n\n<p>L&#8217;adrop cap est un \u00e9l\u00e9ment d\u00e9coratif g\u00e9n\u00e9ralement utilis\u00e9 dans les documents au d\u00e9but d&#8217;une section ou d&#8217;un chapitre. Il s&#8217;agit d&#8217;une grande lettre majuscule au d\u00e9but d&#8217;un paragraphe ou d&#8217;un bloc de texte qui a la profondeur de deux lignes ou plus de texte normal. Vous pouvez facilement ajouter une coiffe \u00e0 n&#8217;importe quel paragraphe en ajoutant la classe <strong>dropcap<\/strong>, comme indiqu\u00e9 ci-dessous :  <\/p>\n\n<pre class=\"wp-block-preformatted\"><span class=\"dropcap\">C<\/span>'est ainsi que vous ajoutez un chapeau de chute.<\/pre>\n\n<hr class=\"wp-block-separator\"\/>\n\n<h3 class=\"wp-block-heading\">Styles de table<\/h3>\n\n<figure class=\"wp-block-table\"><table><thead><tr><th>BEATLE<\/th><th>INSTRUMENT<\/th><th>SONG<\/th><\/tr><\/thead><tbody><tr><td>John Lennon<\/td><td>Guitare<\/td><td>Une journ\u00e9e dans la vie<\/td><\/tr><tr><td>George Harrison<\/td><td>Guitare<\/td><td>Vieille chaussure marron<\/td><\/tr><tr><td>Paul McCartney<\/td><td>Basse<\/td><td>Helter Skelter<\/td><\/tr><tr><td>Ringo Starr<\/td><td>Batterie<\/td><td>Ne me laissez pas passer<\/td><\/tr><\/tbody><\/table><\/figure>\n\n<hr class=\"wp-block-separator\"\/>\n\n<h3 class=\"wp-block-heading\">Formatage du code<\/h3>\n\n<pre class=\"wp-block-preformatted\">pre {\n    position: relative;\n    background: #f7f7f7;\n    font-family: \"Courier 10 Pitch\", Courier, monospace;\n    font-size: 15px;\n    font-size: 1.5rem;\n    line-height: 1.6;\n    margin-bottom: 1.6em;\n    padding: 1.6em;\n    overflow: auto;\n    max-width: 100%;\n    tab-size: 4;\n}<\/pre>\n\n<hr class=\"wp-block-separator\"\/>\n\n<h3 class=\"wp-block-heading\">\u00c9l\u00e9ments de la liste mixte<\/h3>\n\n<ul class=\"wp-block-list\"><li>Premier \u00e9l\u00e9ment d&#8217;une liste non ordonn\u00e9e<\/li><li>Deuxi\u00e8me \u00e9l\u00e9ment d&#8217;une liste non ordonn\u00e9e<ol><li>Premier \u00e9l\u00e9ment de la liste ordonn\u00e9e<\/li><li>Deuxi\u00e8me point de la liste de commande<ul><li>Premier \u00e9l\u00e9ment d&#8217;une liste non ordonn\u00e9e<\/li><li>Deuxi\u00e8me \u00e9l\u00e9ment d&#8217;une liste non ordonn\u00e9e<ol><li>Premier \u00e9l\u00e9ment de la liste ordonn\u00e9e<\/li><li>Deuxi\u00e8me point de la liste de commande<\/li><li>Troisi\u00e8me point de la liste de commande<\/li><\/ol><\/li><li>Troisi\u00e8me \u00e9l\u00e9ment d&#8217;une liste non ordonn\u00e9e<\/li><\/ul><\/li><li>Troisi\u00e8me point de la liste de commande<\/li><\/ol><\/li><li>Troisi\u00e8me \u00e9l\u00e9ment d&#8217;une liste non ordonn\u00e9e<\/li><\/ul>\n","protected":false},"excerpt":{"rendered":"<p>Le guide de style vous donne un aper\u00e7u des styles par d\u00e9faut des articles et des pages de Paperback. Le guide de style est \u00e9galement une excellente r\u00e9f\u00e9rence pour le &hellip; <\/p>\n","protected":false},"author":1,"featured_media":229,"parent":0,"menu_order":0,"comment_status":"closed","ping_status":"closed","template":"","meta":{"_monsterinsights_skip_tracking":false,"_monsterinsights_sitenote_active":false,"_monsterinsights_sitenote_note":"","_monsterinsights_sitenote_category":0,"footnotes":""},"class_list":["post-5522","page","type-page","status-publish","has-post-thumbnail","hentry","latest_post"],"aioseo_notices":[],"_links":{"self":[{"href":"https:\/\/activetime.eu\/fr\/wp-json\/wp\/v2\/pages\/5522","targetHints":{"allow":["GET"]}}],"collection":[{"href":"https:\/\/activetime.eu\/fr\/wp-json\/wp\/v2\/pages"}],"about":[{"href":"https:\/\/activetime.eu\/fr\/wp-json\/wp\/v2\/types\/page"}],"author":[{"embeddable":true,"href":"https:\/\/activetime.eu\/fr\/wp-json\/wp\/v2\/users\/1"}],"replies":[{"embeddable":true,"href":"https:\/\/activetime.eu\/fr\/wp-json\/wp\/v2\/comments?post=5522"}],"version-history":[{"count":1,"href":"https:\/\/activetime.eu\/fr\/wp-json\/wp\/v2\/pages\/5522\/revisions"}],"predecessor-version":[{"id":5523,"href":"https:\/\/activetime.eu\/fr\/wp-json\/wp\/v2\/pages\/5522\/revisions\/5523"}],"wp:featuredmedia":[{"embeddable":true,"href":"https:\/\/activetime.eu\/fr\/wp-json\/wp\/v2\/media\/229"}],"wp:attachment":[{"href":"https:\/\/activetime.eu\/fr\/wp-json\/wp\/v2\/media?parent=5522"}],"curies":[{"name":"wp","href":"https:\/\/api.w.org\/{rel}","templated":true}]}}