{"id":5118,"date":"2022-03-15T11:39:59","date_gmt":"2022-03-15T11:39:59","guid":{"rendered":"https:\/\/activetime.eu\/a-tutta-larghezza-2\/"},"modified":"2024-12-30T20:07:31","modified_gmt":"2024-12-30T20:07:31","slug":"a-tutta-larghezza-2","status":"publish","type":"page","link":"https:\/\/activetime.eu\/it\/a-tutta-larghezza-2\/","title":{"rendered":"A tutta larghezza"},"content":{"rendered":"\n<p>Aliquam convallis neque vitae diam. In diam. Cum sociis natoque penatibus et magnis dis parturient montes, nascetur ridiculus mus. Duis fermentum arcu in tortor. Sed nibh leo, rhoncus eu, fermentum et, scelerisque ac, massa. Cras id turpis. Etiam commodo sem luctus lorem. Morbi at mi. In rutrum. Aenean luctus pede euismod tortor. Phasellus dictum. Cras neque justo, venenatis sit amet, tristique et, vulputate in, dui. Etiam sed mi gravida sapien imperdiet dictum. Aliquam gravida orci a tortor. Donec tempor. Vestibulum ante ipsum primis in faucibus orci luctus et ultrices posuere cubilia Curae; Vivamus risus ante, pellentesque vitae, luctus eget, scelerisque sed, libero. Donec massa.                <\/p>\n\n<h2 class=\"wp-block-heading\">\u0540\u0561\u0575\u0565\u0580\u0565\u0576<\/h2>\n\n<p>Lorem Ipsum-\u0568 \u057f\u057a\u0561\u0563\u0580\u0578\u0582\u0569\u0575\u0561\u0576 \u0587 \u057f\u057a\u0561\u0563\u0580\u0561\u056f\u0561\u0576 \u0561\u0580\u0564\u0575\u0578\u0582\u0576\u0561\u0562\u0565\u0580\u0578\u0582\u0569\u0575\u0561\u0576 \u0570\u0561\u0574\u0561\u0580 \u0576\u0561\u056d\u0561\u057f\u0565\u057d\u057e\u0561\u056e \u0574\u0578\u0564\u0565\u056c\u0561\u0575\u056b\u0576 \u057f\u0565\u0584\u057d\u057f \u0567: \u054d\u056f\u057d\u0561\u056e 1500-\u0561\u056f\u0561\u0576\u0576\u0565\u0580\u056b\u0581` Lorem Ipsum-\u0568 \u0570\u0561\u0576\u0564\u056b\u057d\u0561\u0581\u0565\u056c \u0567 \u057f\u057a\u0561\u0563\u0580\u0561\u056f\u0561\u0576 \u0561\u0580\u0564\u0575\u0578\u0582\u0576\u0561\u0562\u0565\u0580\u0578\u0582\u0569\u0575\u0561\u0576 \u057d\u057f\u0561\u0576\u0564\u0561\u0580\u057f \u0574\u0578\u0564\u0565\u056c\u0561\u0575\u056b\u0576 \u057f\u0565\u0584\u057d\u057f, \u056b\u0576\u0579\u0568 \u0574\u056b \u0561\u0576\u0570\u0561\u0575\u057f \u057f\u057a\u0561\u0563\u0580\u056b\u0579\u056b \u056f\u0578\u0572\u0574\u056b\u0581 \u057f\u0561\u0580\u0562\u0565\u0580 \u057f\u0561\u057c\u0561\u057f\u0565\u057d\u0561\u056f\u0576\u0565\u0580\u056b \u0585\u0580\u056b\u0576\u0561\u056f\u0576\u0565\u0580\u056b \u0563\u056b\u0580\u0584 \u057d\u057f\u0565\u0572\u056e\u0565\u056c\u0578\u0582 \u057b\u0561\u0576\u0584\u0565\u0580\u056b \u0561\u0580\u0564\u0575\u0578\u0582\u0576\u0584 \u0567: \u0531\u0575\u057d \u057f\u0565\u0584\u057d\u057f\u0568 \u0578\u0579 \u0574\u056b\u0561\u0575\u0576 \u056f\u0561\u0580\u0578\u0572\u0561\u0581\u0565\u056c \u0567 \u0563\u0578\u0575\u0561\u057f\u0587\u0565\u056c \u0570\u056b\u0576\u0563 \u0564\u0561\u0580\u0561\u0577\u0580\u057b\u0561\u0576, \u0561\u0575\u056c\u0587 \u0576\u0565\u0580\u0561\u057c\u057e\u0565\u056c \u0567 \u0567\u056c\u0565\u056f\u057f\u0580\u0578\u0576\u0561\u0575\u056b\u0576 \u057f\u057a\u0561\u0563\u0580\u0578\u0582\u0569\u0575\u0561\u0576 \u0574\u0565\u057b` \u0574\u0576\u0561\u056c\u0578\u057e \u0567\u0561\u057a\u0565\u057d \u0561\u0576\u0583\u0578\u0583\u0578\u056d: \u0531\u0575\u0576 \u0570\u0561\u0575\u057f\u0576\u056b \u0567 \u0564\u0561\u0580\u0571\u0565\u056c 1960-\u0561\u056f\u0561\u0576\u0576\u0565\u0580\u056b\u0576 Lorem Ipsum \u0562\u0578\u057e\u0561\u0576\u0564\u0561\u056f\u0578\u0572 Letraset \u0567\u057b\u0565\u0580\u056b \u0569\u0578\u0572\u0561\u0580\u056f\u0574\u0561\u0576 \u0561\u0580\u0564\u0575\u0578\u0582\u0576\u0584\u0578\u0582\u0574, \u056b\u057d\u056f \u0561\u057e\u0565\u056c\u056b \u0578\u0582\u0577 \u0570\u0561\u0574\u0561\u056f\u0561\u0580\u0563\u0579\u0561\u0575\u056b\u0576 \u057f\u057a\u0561\u0563\u0580\u0578\u0582\u0569\u0575\u0561\u0576 \u0561\u0575\u0576\u057a\u056b\u057d\u056b \u056e\u0580\u0561\u0563\u0580\u0565\u0580\u056b \u0569\u0578\u0572\u0561\u0580\u056f\u0574\u0561\u0576 \u0570\u0565\u057f\u0587\u0561\u0576\u0584\u0578\u057e, \u056b\u0576\u0579\u057a\u056b\u057d\u056b\u0576 \u0567 Aldus PageMaker-\u0568, \u0578\u0580\u0568 \u0576\u0565\u0580\u0561\u057c\u0578\u0582\u0574 \u0567 Lorem Ipsum-\u056b \u057f\u0561\u0580\u0561\u057f\u0565\u057d\u0561\u056f\u0576\u0565\u0580:<\/p>\n\n<h2 class=\"wp-block-heading\">\u0411\u044a\u043b\u0433\u0430\u0440\u0441\u043a\u0438<\/h2>\n\n<p>Lorem Ipsum \u0435 \u0435\u043b\u0435\u043c\u0435\u043d\u0442\u0430\u0440\u0435\u043d \u043f\u0440\u0438\u043c\u0435\u0440\u0435\u043d \u0442\u0435\u043a\u0441\u0442, \u0438\u0437\u043f\u043e\u043b\u0437\u0432\u0430\u043d \u0432 \u043f\u0435\u0447\u0430\u0442\u0430\u0440\u0441\u043a\u0430\u0442\u0430 \u0438 \u0442\u0438\u043f\u043e\u0433\u0440\u0430\u0444\u0441\u043a\u0430\u0442\u0430 \u0438\u043d\u0434\u0443\u0441\u0442\u0440\u0438\u044f. Lorem Ipsum \u0435 \u0438\u043d\u0434\u0443\u0441\u0442\u0440\u0438\u0430\u043b\u0435\u043d \u0441\u0442\u0430\u043d\u0434\u0430\u0440\u0442 \u043e\u0442 \u043e\u043a\u043e\u043b\u043e 1500 \u0433\u043e\u0434\u0438\u043d\u0430, \u043a\u043e\u0433\u0430\u0442\u043e \u043d\u0435\u0438\u0437\u0432\u0435\u0441\u0442\u0435\u043d \u043f\u0435\u0447\u0430\u0442\u0430\u0440 \u0432\u0437\u0435\u043c\u0430 \u043d\u044f\u043a\u043e\u043b\u043a\u043e \u043f\u0435\u0447\u0430\u0442\u0430\u0440\u0441\u043a\u0438 \u0431\u0443\u043a\u0432\u0438 \u0438 \u0433\u0438 \u0440\u0430\u0437\u0431\u044a\u0440\u043a\u0432\u0430, \u0437\u0430 \u0434\u0430 \u043d\u0430\u043f\u0435\u0447\u0430\u0442\u0430 \u0441 \u0442\u044f\u0445 \u043a\u043d\u0438\u0433\u0430 \u0441 \u043f\u0440\u0438\u043c\u0435\u0440\u043d\u0438 \u0448\u0440\u0438\u0444\u0442\u043e\u0432\u0435. \u0422\u043e\u0437\u0438 \u043d\u0430\u0447\u0438\u043d \u043d\u0435 \u0441\u0430\u043c\u043e \u0435 \u043e\u0446\u0435\u043b\u044f\u043b \u043f\u043e\u0432\u0435\u0447\u0435 \u043e\u0442 5 \u0432\u0435\u043a\u0430, \u043d\u043e \u0435 \u043d\u0430\u0432\u043b\u044f\u0437\u044a\u043b \u0438 \u0432 \u043f\u0443\u0431\u043b\u0438\u043a\u0443\u0432\u0430\u043d\u0435\u0442\u043e \u043d\u0430 \u0435\u043b\u0435\u043a\u0442\u0440\u043e\u043d\u043d\u0438 \u0438\u0437\u0434\u0430\u043d\u0438\u044f \u043a\u0430\u0442\u043e \u0435 \u0437\u0430\u043f\u0430\u0437\u0435\u043d \u043f\u043e\u0447\u0442\u0438 \u0431\u0435\u0437 \u043f\u0440\u043e\u043c\u044f\u043d\u0430. \u041f\u043e\u043f\u0443\u043b\u044f\u0440\u0438\u0437\u0438\u0440\u0430\u043d \u0435 \u043f\u0440\u0435\u0437 60\u0442\u0435 \u0433\u043e\u0434\u0438\u043d\u0438 \u043d\u0430 20\u0442\u0438 \u0432\u0435\u043a \u0441\u044a\u0441 \u0438\u0437\u0434\u0430\u0432\u0430\u043d\u0435\u0442\u043e \u043d\u0430 Letraset \u043b\u0438\u0441\u0442\u0438, \u0441\u044a\u0434\u044a\u0440\u0436\u0430\u0449\u0438 Lorem Ipsum \u043f\u0430\u0441\u0430\u0436\u0438, \u043f\u043e\u043f\u0443\u043b\u044f\u0440\u0435\u043d \u0435 \u0438 \u0432 \u043d\u0430\u0448\u0438 \u0434\u043d\u0438 \u0432\u044a\u0432 \u0441\u043e\u0444\u0442\u0443\u0435\u0440 \u0437\u0430 \u043f\u0435\u0447\u0430\u0442\u043d\u0438 \u0438\u0437\u0434\u0430\u043d\u0438\u044f \u043a\u0430\u0442\u043e Aldus PageMaker, \u043a\u043e\u0439\u0442\u043e \u0432\u043a\u043b\u044e\u0447\u0432\u0430 \u0440\u0430\u0437\u043b\u0438\u0447\u043d\u0438 \u0432\u0435\u0440\u0441\u0438\u0438 \u043d\u0430 Lorem Ipsum.   <\/p>\n\n<h2 class=\"wp-block-heading\">Catal\u00e0<\/h2>\n\n<p>Il Lorem Ipsum \u00e8 un testo di riempimento utilizzato nell&#8217;industria della tipografia e della stampa. Il Lorem Ipsum \u00e8 stato il testo standard dell&#8217;industria dell&#8217;anno 1500, quando un impressore di testi va a servire una galerada di testi e la mescola per creare una raccolta di immagini tipografiche. Non solo ha rivoluzionato i segmenti, ma ha anche aggiunto il tappo di sale alla creazione di lettori elettrici, che sono essenzialmente di tipo elettronico. \u00c8 diventato popolare nel 1960 con l&#8217;invio di Letraset completi che contengono passaggi di Lorem Ipsum, e pi\u00f9 recentemente con i programmi di autoeditoria di Aldus Pagemaker che includono versioni di Lorem Ipsum.   <\/p>\n\n<h2 class=\"wp-block-heading\">Hrvatski<\/h2>\n\n<p>Lorem Ipsum je jednostavno probni tekst koji se koristi u tiskarskoj i slovoslagarskoj industriji. Il Lorem Ipsum postoji kao industrijski standard jo\u0161 od 16-og stolje\u0107a, kada je nepoznati tiskar uzeo tiskarsku galiju slova ih da bi napravio knjigu s uzorkom tiska. Taj je tekst ne samo pre\u017eivio pet stolje\u0107a, ve\u0107 se i vinuo u svijet elektronskog slovoslagarstva, ostaju\u0107i u su\u0161tini nepromijenjen. Postao je popularan tijekom 1960-ih s pojavom Letraset listova s odlomcima Lorem Ipsum-a, a u skorije vrijeme sa software-om za stolno izdava\u0161tvo kao \u0161to je Aldus PageMaker koji tako\u0111er sadr\u017ei varijante Lorem Ipsum-a.   <\/p>\n\n<h2 class=\"wp-block-heading\">\u010cesky<\/h2>\n\n<p>Il Lorem Ipsum \u00e8 un testo dimostrativo che pu\u00f2 essere utilizzato come testo di prova per i testi di tiska\u0159sk\u00e9m e kniha\u0159sk\u00e9m pr\u016fmyslu. Lorem Ipsum je pova\u017eov\u00e1no za standard v t\u00e9to oblasti u\u017e od za\u010d\u00e1tku 16. stolet\u00ed, kdy dnes nezn\u00e1m\u00fd tiska\u0159 vzal kusy textu a na jejich z\u00e1klad\u011b vytvo\u0159il speci\u00e1ln\u00ed vzorovou knihu. La zona di produzione non \u00e8 in grado di gestire le stoltezze, ma di fornire un sistema di controllo elettronico per i podstat\u011b. Il Lorem Ipsum non \u00e8 mai stato cos\u00ec popolare da essere utilizzato come strumento per la stampa di testi in lingua inglese (20 anni fa), ma \u00e8 stato reso possibile da un programma di impaginazione come Aldus PageMaker.     <\/p>\n\n<h2 class=\"wp-block-heading\">Rom\u00e2na<\/h2>\n\n<p>Il Lorem Ipsum \u00e8 pur sempre una semplice machet\u0103 per i testi degli industriali tipografici. Il Lorem Ipsum \u00e8 stato uno standard per l&#8217;industria nel secolo XVI, quando un tipografo anonimo ha creato un piano per le lettere e lo ha modificato per creare carte dimostrative per le rispettive lettere. Nu doar c\u0103 a supravie\u0163uit timp de cinci secole, dar \u015fi a facut saltul \u00een tipografia electronic\u0103 practic neschimbat\u0103. Si \u00e8 diffuso negli anni &#8217;60 grazie a una colilor Letraset che includeva una versione di Lorem Ipsum, ma \u00e8 sempre pi\u00f9 recente, per quanto riguarda i programmi di pubblicazione per calcolatori, Aldus PageMaker che includeva una versione di Lorem Ipsum.   <\/p>\n\n<h2 class=\"wp-block-heading\">\u0421\u0440\u043f\u0441\u043a\u0438<\/h2>\n\n<p>Lorem Ipsum \u0458\u0435 \u0458\u0435\u0434\u043d\u043e\u0441\u0442\u0430\u0432\u043d\u043e \u043c\u043e\u0434\u0435\u043b \u0442\u0435\u043a\u0441\u0442\u0430 \u043a\u043e\u0458\u0438 \u0441\u0435 \u043a\u043e\u0440\u0438\u0441\u0442\u0438 \u0443 \u0448\u0442\u0430\u043c\u043f\u0430\u0440\u0441\u043a\u043e\u0458 \u0438 \u0441\u043b\u043e\u0432\u043e\u0441\u043b\u0430\u0433\u0430\u0447\u043a\u043e\u0458 \u0438\u043d\u0434\u0443\u0441\u0442\u0440\u0438\u0458\u0438. Lorem ipsum \u0458\u0435 \u0431\u0438\u043e \u0441\u0442\u0430\u043d\u0434\u0430\u0440\u0434 \u0437\u0430 \u043c\u043e\u0434\u0435\u043b \u0442\u0435\u043a\u0441\u0442\u0430 \u0458\u043e\u0448 \u043e\u0434 1500. \u0433\u043e\u0434\u0438\u043d\u0435, \u043a\u0430\u0434\u0430 \u0458\u0435 \u043d\u0435\u043f\u043e\u0437\u043d\u0430\u0442\u0438 \u0448\u0442\u0430\u043c\u043f\u0430\u0440 \u0443\u0437\u0435\u043e \u043a\u0443\u0442\u0438\u0458\u0443 \u0441\u0430 \u0441\u043b\u043e\u0432\u0438\u043c\u0430 \u0438 \u0441\u043b\u043e\u0436\u0438\u043e \u0438\u0445 \u043a\u0430\u043a\u043e \u0431\u0438 \u043d\u0430\u043f\u0440\u0430\u0432\u0438\u043e \u0443\u0437\u043e\u0440\u0430\u043a \u043a\u045a\u0438\u0433\u0435. \u041d\u0435 \u0441\u0430\u043c\u043e \u0448\u0442\u043e \u0458\u0435 \u043e\u0432\u0430\u0458 \u043c\u043e\u0434\u0435\u043b \u043e\u043f\u0441\u0442\u0430\u043e \u043f\u0435\u0442 \u0432\u0435\u043a\u043e\u0432\u0430, \u043d\u0435\u0433\u043e \u0458\u0435 \u0447\u0430\u043a \u043f\u043e\u0447\u0435\u043e \u0434\u0430 \u0441\u0435 \u043a\u043e\u0440\u0438\u0441\u0442\u0438 \u0438 \u0443 \u0435\u043b\u0435\u043a\u0442\u0440\u043e\u043d\u0441\u043a\u0438\u043c \u043c\u0435\u0434\u0438\u0458\u0438\u043c\u0430, \u043d\u0435\u043f\u0440\u043e\u043c\u0435\u043d\u0438\u0432\u0448\u0438 \u0441\u0435. \u041f\u043e\u043f\u0443\u043b\u0430\u0440\u0438\u0437\u043e\u0432\u0430\u043d \u0458\u0435 \u0448\u0435\u0437\u0434\u0435\u0441\u0435\u0442\u0438\u0445 \u0433\u043e\u0434\u0438\u043d\u0430 \u0434\u0432\u0430\u0434\u0435\u0441\u0435\u0442\u043e\u0433 \u0432\u0435\u043a\u0430 \u0437\u0430\u0458\u0435\u0434\u043d\u043e \u0441\u0430 \u043b\u0438\u0441\u0442\u043e\u0432\u0438\u043c\u0430 \u043b\u0435\u0442\u0435\u0440\u0441\u0435\u0442\u0430 \u043a\u043e\u0458\u0438 \u0441\u0443 \u0441\u0430\u0434\u0440\u0436\u0430\u043b\u0438 Lorem Ipsum \u043f\u0430\u0441\u0443\u0441\u0435, \u0434\u0430\u043d\u0430\u0441 \u0441\u0430 \u0441\u043e\u0444\u0442\u0432\u0435\u0440\u0441\u043a\u0438\u043c \u043f\u0430\u043a\u0435\u0442\u043e\u043c \u0437\u0430 \u043f\u0440\u0435\u043b\u043e\u043c \u043a\u0430\u043e \u0448\u0442\u043e \u0458\u0435 Aldus PageMaker \u043a\u043e\u0458\u0438 \u0458\u0435 \u0441\u0430\u0434\u0440\u0436\u0430\u043e Lorem Ipsum \u0432\u0435\u0440\u0437\u0438\u0458\u0435.    <\/p>\n","protected":false},"excerpt":{"rendered":"<p>Aliquam convallis neque vitae diam. In diam. Cum sociis natoque penatibus et magnis dis parturient montes, nascetur ridiculus mus. Duis fermentum arcu in tortor. Sed nibh leo, rhoncus eu, fermentum &hellip; <\/p>\n","protected":false},"author":1,"featured_media":99,"parent":0,"menu_order":0,"comment_status":"closed","ping_status":"closed","template":"","meta":{"_monsterinsights_skip_tracking":false,"_monsterinsights_sitenote_active":false,"_monsterinsights_sitenote_note":"","_monsterinsights_sitenote_category":0,"footnotes":""},"class_list":["post-5118","page","type-page","status-publish","has-post-thumbnail","hentry","latest_post"],"aioseo_notices":[],"_links":{"self":[{"href":"https:\/\/activetime.eu\/it\/wp-json\/wp\/v2\/pages\/5118","targetHints":{"allow":["GET"]}}],"collection":[{"href":"https:\/\/activetime.eu\/it\/wp-json\/wp\/v2\/pages"}],"about":[{"href":"https:\/\/activetime.eu\/it\/wp-json\/wp\/v2\/types\/page"}],"author":[{"embeddable":true,"href":"https:\/\/activetime.eu\/it\/wp-json\/wp\/v2\/users\/1"}],"replies":[{"embeddable":true,"href":"https:\/\/activetime.eu\/it\/wp-json\/wp\/v2\/comments?post=5118"}],"version-history":[{"count":1,"href":"https:\/\/activetime.eu\/it\/wp-json\/wp\/v2\/pages\/5118\/revisions"}],"predecessor-version":[{"id":5120,"href":"https:\/\/activetime.eu\/it\/wp-json\/wp\/v2\/pages\/5118\/revisions\/5120"}],"wp:featuredmedia":[{"embeddable":true,"href":"https:\/\/activetime.eu\/it\/wp-json\/wp\/v2\/media\/99"}],"wp:attachment":[{"href":"https:\/\/activetime.eu\/it\/wp-json\/wp\/v2\/media?parent=5118"}],"curies":[{"name":"wp","href":"https:\/\/api.w.org\/{rel}","templated":true}]}}