{"id":4404,"date":"2024-06-26T10:06:30","date_gmt":"2024-06-26T10:06:30","guid":{"rendered":"https:\/\/activetime.eu\/eksempel-pa-side\/"},"modified":"2024-12-30T19:47:55","modified_gmt":"2024-12-30T19:47:55","slug":"eksempel-pa-side","status":"publish","type":"page","link":"https:\/\/activetime.eu\/no\/eksempel-pa-side\/","title":{"rendered":"Eksempel p\u00e5 side"},"content":{"rendered":"\n<p>Dette er en eksempelside. Det skiller seg fra et blogginnlegg ved at det blir liggende p\u00e5 ett sted og vises i navigasjonen p\u00e5 nettstedet ditt (i de fleste temaer). De fleste begynner med en Om-side som presenterer dem for potensielle bes\u00f8kende. Det kan st\u00e5 noe s\u00e5nt som dette:<\/p>\n\n<blockquote class=\"wp-block-quote is-layout-flow wp-block-quote-is-layout-flow\"><p>Hei p\u00e5 dere! Jeg er sykkelbud om dagen, skuespiller om kvelden, og dette er nettstedet mitt. Jeg bor i Los Angeles, har en flott hund som heter Jack, og jeg liker pi\u00f1a coladas. (Og \u00e5 bli fanget i regnet.)<\/p><\/blockquote>\n\n<p>&#8230;eller noe s\u00e5nt som dette:<\/p>\n\n<blockquote class=\"wp-block-quote is-layout-flow wp-block-quote-is-layout-flow\"><p>XYZ Doohickey Company ble grunnlagt i 1971, og har siden den gang levert kvalitetsdohickeys til publikum. XYZ ligger i Gotham City, har over 2000 ansatte og gj\u00f8r alle slags fantastiske ting for Gotham-samfunnet.<\/p><\/blockquote>\n\n<p>Som ny WordPress-bruker b\u00f8r du g\u00e5 til <a href=\"https:\/\/activetime.eu\/wp-admin\/\">dashbordet<\/a> for \u00e5 slette denne siden og opprette nye sider for innholdet ditt. Ha det g\u00f8y!<\/p>\n","protected":false},"excerpt":{"rendered":"<p>Dette er en eksempelside. Det skiller seg fra et blogginnlegg ved at det blir liggende p\u00e5 ett sted og vises i navigasjonen p\u00e5 nettstedet ditt (i de fleste temaer). De &hellip; <\/p>\n","protected":false},"author":1,"featured_media":0,"parent":0,"menu_order":0,"comment_status":"closed","ping_status":"open","template":"","meta":{"_monsterinsights_skip_tracking":false,"_monsterinsights_sitenote_active":false,"_monsterinsights_sitenote_note":"","_monsterinsights_sitenote_category":0,"footnotes":""},"class_list":["post-4404","page","type-page","status-publish","hentry","latest_post"],"aioseo_notices":[],"_links":{"self":[{"href":"https:\/\/activetime.eu\/no\/wp-json\/wp\/v2\/pages\/4404","targetHints":{"allow":["GET"]}}],"collection":[{"href":"https:\/\/activetime.eu\/no\/wp-json\/wp\/v2\/pages"}],"about":[{"href":"https:\/\/activetime.eu\/no\/wp-json\/wp\/v2\/types\/page"}],"author":[{"embeddable":true,"href":"https:\/\/activetime.eu\/no\/wp-json\/wp\/v2\/users\/1"}],"replies":[{"embeddable":true,"href":"https:\/\/activetime.eu\/no\/wp-json\/wp\/v2\/comments?post=4404"}],"version-history":[{"count":1,"href":"https:\/\/activetime.eu\/no\/wp-json\/wp\/v2\/pages\/4404\/revisions"}],"predecessor-version":[{"id":4405,"href":"https:\/\/activetime.eu\/no\/wp-json\/wp\/v2\/pages\/4404\/revisions\/4405"}],"wp:attachment":[{"href":"https:\/\/activetime.eu\/no\/wp-json\/wp\/v2\/media?parent=4404"}],"curies":[{"name":"wp","href":"https:\/\/api.w.org\/{rel}","templated":true}]}}