{"id":4572,"date":"2022-03-18T06:59:03","date_gmt":"2022-03-18T06:59:03","guid":{"rendered":"https:\/\/activetime.eu\/team\/"},"modified":"2024-12-30T20:04:49","modified_gmt":"2024-12-30T20:04:49","slug":"team","status":"publish","type":"page","link":"https:\/\/activetime.eu\/no\/team\/","title":{"rendered":"Team"},"content":{"rendered":"\n<p>Teamet v\u00e5rt best\u00e5r av engasjerte mennesker som jobber med drift, \u00f8konomi og salg, og det er takket v\u00e6re deres profesjonalitet at Himalayan Glacier har v\u00e6rt i stand til \u00e5 levere tjenester av s\u00e5 h\u00f8y kvalitet til sine kunder opp gjennom \u00e5rene. Vi er et team av naturentusiaster som er opptatt av \u00e5 reise ut i verden og som deler en felles hengivenhet for friluftsliv. I mer enn to ti\u00e5r har vi utvidet tjenestene v\u00e5re ved \u00e5 tilby nye og unike reisem\u00e5l og reiseruter som er mer enn egnet til \u00e5 tilfredsstille kundene v\u00e5re.  <\/p>\n\n<figure class=\"wp-block-image size-large\"><img loading=\"lazy\" decoding=\"async\" width=\"1024\" height=\"768\" src=\"https:\/\/activetime.eu\/wp-content\/uploads\/2022\/03\/nature-walking-hiking-travel-europe-spring-362370-pxhere.com-1-1024x768.jpg\" alt=\"\" class=\"wp-image-109\" srcset=\"https:\/\/activetime.eu\/wp-content\/uploads\/2022\/03\/nature-walking-hiking-travel-europe-spring-362370-pxhere.com-1-1024x768.jpg 1024w, https:\/\/activetime.eu\/wp-content\/uploads\/2022\/03\/nature-walking-hiking-travel-europe-spring-362370-pxhere.com-1-300x225.jpg 300w, https:\/\/activetime.eu\/wp-content\/uploads\/2022\/03\/nature-walking-hiking-travel-europe-spring-362370-pxhere.com-1-768x576.jpg 768w, https:\/\/activetime.eu\/wp-content\/uploads\/2022\/03\/nature-walking-hiking-travel-europe-spring-362370-pxhere.com-1-80x60.jpg 80w, https:\/\/activetime.eu\/wp-content\/uploads\/2022\/03\/nature-walking-hiking-travel-europe-spring-362370-pxhere.com-1.jpg 1440w\" sizes=\"auto, (max-width: 1024px) 100vw, 1024px\" \/><\/figure>\n","protected":false},"excerpt":{"rendered":"<p>Teamet v\u00e5rt best\u00e5r av engasjerte mennesker som jobber med drift, \u00f8konomi og salg, og det er takket v\u00e6re deres profesjonalitet at Himalayan Glacier har v\u00e6rt i stand til \u00e5 levere &hellip; <\/p>\n","protected":false},"author":1,"featured_media":0,"parent":0,"menu_order":0,"comment_status":"closed","ping_status":"closed","template":"","meta":{"_monsterinsights_skip_tracking":false,"_monsterinsights_sitenote_active":false,"_monsterinsights_sitenote_note":"","_monsterinsights_sitenote_category":0,"footnotes":""},"class_list":["post-4572","page","type-page","status-publish","hentry","latest_post"],"aioseo_notices":[],"_links":{"self":[{"href":"https:\/\/activetime.eu\/no\/wp-json\/wp\/v2\/pages\/4572","targetHints":{"allow":["GET"]}}],"collection":[{"href":"https:\/\/activetime.eu\/no\/wp-json\/wp\/v2\/pages"}],"about":[{"href":"https:\/\/activetime.eu\/no\/wp-json\/wp\/v2\/types\/page"}],"author":[{"embeddable":true,"href":"https:\/\/activetime.eu\/no\/wp-json\/wp\/v2\/users\/1"}],"replies":[{"embeddable":true,"href":"https:\/\/activetime.eu\/no\/wp-json\/wp\/v2\/comments?post=4572"}],"version-history":[{"count":1,"href":"https:\/\/activetime.eu\/no\/wp-json\/wp\/v2\/pages\/4572\/revisions"}],"predecessor-version":[{"id":4573,"href":"https:\/\/activetime.eu\/no\/wp-json\/wp\/v2\/pages\/4572\/revisions\/4573"}],"wp:attachment":[{"href":"https:\/\/activetime.eu\/no\/wp-json\/wp\/v2\/media?parent=4572"}],"curies":[{"name":"wp","href":"https:\/\/api.w.org\/{rel}","templated":true}]}}