{"id":11076,"date":"2022-03-15T11:39:59","date_gmt":"2022-03-15T11:39:59","guid":{"rendered":"https:\/\/activetime.eu\/pelna-szerokosc\/"},"modified":"2025-06-20T15:25:26","modified_gmt":"2025-06-20T15:25:26","slug":"pelna-szerokosc","status":"publish","type":"page","link":"https:\/\/activetime.eu\/pl\/pelna-szerokosc\/","title":{"rendered":"Pe\u0142na szeroko\u015b\u0107"},"content":{"rendered":"\n<p>Aliquam convallis neque vitae diam. In diam. Cum sociis natoque penatibus et magnis dis parturient montes, nascetur ridiculus mus. Duis fermentum arcu in tortor. Sed nibh leo, rhoncus eu, fermentum et, scelerisque ac, massa. Cras id turpis. Etiam commodo sem luctus lorem. Morbi at mi. In rutrum. Aenean luctus pede euismod tortor. Phasellus dictum. Cras neque justo, venenatis sit amet, tristique et, vulputate in, dui. Etiam sed mi gravida sapien imperdiet dictum. Aliquam gravida orci a tortor. Donec tempor. Vestibulum ante ipsum primis in faucibus orci luctus et ultrices posuere cubilia Curae; Vivamus risus ante, pellentesque vitae, luctus eget, scelerisque sed, libero. Donec massa.                <\/p>\n\n<h2 class=\"wp-block-heading\">\u0540\u0561\u0575\u0565\u0580\u0565\u0576<\/h2>\n\n<p>Lorem Ipsum-\u0568 \u057f\u057a\u0561\u0563\u0580\u0578\u0582\u0569\u0575\u0561\u0576 \u0587 \u057f\u057a\u0561\u0563\u0580\u0561\u056f\u0561\u0576 \u0561\u0580\u0564\u0575\u0578\u0582\u0576\u0561\u0562\u0565\u0580\u0578\u0582\u0569\u0575\u0561\u0576 \u0570\u0561\u0574\u0561\u0580 \u0576\u0561\u056d\u0561\u057f\u0565\u057d\u057e\u0561\u056e \u0574\u0578\u0564\u0565\u056c\u0561\u0575\u056b\u0576 \u057f\u0565\u0584\u057d\u057f \u0567: \u054d\u056f\u057d\u0561\u056e 1500-\u0561\u056f\u0561\u0576\u0565\u0580\u056b\u0581` Lorem Ipsum-\u0568 \u0570\u0561\u0576\u0564\u056b\u057d\u0561\u0581\u0565\u056c \u0567 \u057f\u057a\u0561\u0563\u0580\u0561\u056f\u0561\u0576 \u0561\u0580\u0564\u0575\u0578\u0582\u0576\u0561\u0562\u0565\u0580\u0578\u0582\u0569\u0575\u0561\u0576 \u057d\u057f\u0561\u0576\u0564\u0561\u0580\u057f \u0574\u0578\u0564\u0565\u056c\u0561\u0575\u056b\u0576 \u057f\u0565\u0584\u057d\u057f, \u056b\u0576\u0579\u0568 \u0574\u056b \u0561\u0576\u0570\u0561\u0575\u057f \u057f\u057a\u0561\u0563\u0580\u056b\u0579\u056b \u056f\u0578\u0572\u0574\u056b\u0581 \u057f\u0561\u0580\u0562\u0565\u0580 \u057f\u0561\u057c\u0561\u057f\u0565\u057d\u0561\u056f\u0576\u0565\u0580\u056b \u0585\u0580\u056b\u0576\u0561\u056f\u0576\u0565\u0580\u056b \u0563\u056b\u0580\u0584 \u057d\u057f\u0565\u0572\u056e\u0565\u056c\u0578\u0582 \u057b\u0561\u0576\u0584\u0565\u0580\u056b \u0561\u0580\u0564\u0575\u0578\u0582\u0576\u0584 \u0567: \u0531\u0575\u057d \u057f\u0565\u0584\u057d\u057f\u0568 \u0578\u0579 \u0574\u056b\u0561\u0575\u0576 \u056f\u0561\u0580\u0578\u0572\u0561\u0581\u0565\u056c \u0567 \u0563\u0578\u0575\u0561\u057f\u0587\u0565\u056c \u0570\u056b\u0576\u0563 \u0564\u0561\u0580\u0561\u0577\u0580\u057b\u0561\u0576, \u0561\u0575\u056c\u0587 \u0576\u0565\u0580\u0561\u057c\u057e\u0565\u056c \u0567 \u0567\u056c\u0565\u056f\u057f\u0580\u0578\u0576\u0561\u0575\u056b\u0576 \u057f\u057a\u0561\u0563\u0580\u0578\u0582\u0569\u0575\u0561\u0576 \u0574\u0565\u057b` \u0574\u0576\u0561\u056c\u0578\u057e \u0567\u0561\u057a\u0565\u057d \u0561\u0576\u0583\u0578\u0583\u0578\u056d: \u0531\u0575\u0576 \u0570\u0561\u0575\u057f\u0576\u056b \u0567 \u0564\u0561\u0580\u0571\u0565\u056c 1960-\u0561\u056f\u0561\u0576\u0576\u0565\u0580\u056b\u0576 Lorem Ipsum \u0562\u0578\u057e\u0561\u0576\u0564\u0561\u056f\u0578\u0572 Letraset \u0567\u057b\u0565\u0580\u056b \u0569\u0578\u0572\u0561\u0580\u056f\u0574\u0561\u0576 \u0561\u0580\u0564\u0575\u0578\u0582\u0576\u0584\u0578\u0582\u0574, \u056b\u057d\u056f \u0561\u057e\u0565\u056c\u056b \u0578\u0582\u0577 \u0570\u0561\u0574\u0561\u056f\u0561\u0580\u0563\u0579\u0561\u0575\u056b\u0576 \u057f\u057a\u0561\u0563\u0580\u0578\u0582\u0569\u0575\u0561\u0576 \u0561\u0575\u0576\u057a\u056b\u057d\u056b \u056e\u0580\u0561\u0563\u0580\u0565\u0580\u056b \u0569\u0578\u0572\u0561\u0580\u056f\u0574\u0561\u0576 \u0570\u0565\u057f\u0587\u0561\u0576\u0584\u0578\u057e, \u056b\u0576\u0579\u057a\u056b\u057d\u056b\u0576 \u0567 Aldus PageMaker-\u0568, \u0578\u0580\u0568 \u0576\u0565\u0580\u0561\u057c\u0578\u0582\u0574 \u0567 Lorem Ipsum-\u056b \u057f\u0561\u0580\u0561\u057f\u0565\u057d\u0561\u056f\u0576\u0565\u0580:<\/p>\n\n<h2 class=\"wp-block-heading\">\u0411\u044a\u043b\u0433\u0430\u0440\u0441\u043a\u0438<\/h2>\n\n<p>Lorem Ipsum \u0435\u043b\u0435\u043c\u0435\u043d\u0442\u0430\u0440\u0435\u043d \u043f\u0440\u0438\u043c\u0435\u0440\u0435\u043d \u0442\u0435\u043a\u0441\u0442, \u0438\u0437\u043f\u043e\u043b\u0437\u0432\u0430\u043d \u0432 \u043f\u0435\u0447\u0430\u0442\u0430\u0440\u0441\u043a\u0430\u0442\u0430 \u0438 \u0442\u0438\u043f\u043e\u0433\u0440\u0430\u0444\u0441\u043a\u0430\u0442\u0430 \u0438\u043d\u0434\u0443\u0441\u0442\u0440\u0438\u044f. Lorem Ipsum \u0435 \u0438\u043d\u0434\u0443\u0441\u0442\u0440\u0438\u0430\u043b\u0435\u043d \u0441\u0442\u0430\u043d\u0434\u0430\u0440\u0442 \u043e\u0442 \u043e\u043a\u043e\u043b\u043e 1500 \u0433\u043e\u0434\u0438\u043d\u0430, \u043a\u043e\u0433\u0430\u0442\u043e \u043d\u0435\u0438\u0437\u0432\u0435\u0441\u0442\u0435\u043d \u043f\u0435\u0447\u0430\u0442\u0430\u0440 \u0432\u0437\u0435\u043c\u0430 \u043d\u044f\u043a\u043e\u043b\u043a\u043e \u043f\u0435\u0447\u0430\u0442\u0430\u0440\u0441\u043a\u0438 \u0431\u0443\u043a\u0432\u0438 \u0438 \u0433\u0438 \u0440\u0430\u0437\u0431\u044a\u0440\u043a\u0432\u0430, \u0437\u0430 \u0434\u0430 \u043d\u0430\u043f\u0435\u0447\u0430\u0442\u0430 \u0441 \u0442\u044f\u0445 \u043a\u043d\u0438\u0433\u0430 \u0441 \u043f\u0440\u0438\u043c\u0435\u0440\u043d\u0438 \u0448\u0440\u0438\u0444\u0442\u043e\u0432\u0435. \u0422\u043e\u0437\u0438 \u043d\u0430\u0447\u0438\u043d \u043d\u0435 \u0441\u0430\u043c\u043e \u0435 \u043e\u0446\u0435\u043b\u044f\u043b \u043f\u043e\u0432\u0435\u0447\u0435 \u043e\u0442 5 \u0432\u0435\u043a\u0430, \u043d\u043e \u0435 \u043d\u0430\u0432\u043b\u044f\u0437\u044a\u043b \u0438 \u0432 \u043f\u0443\u0431\u043b\u0438\u043a\u0443\u0432\u0430\u043d\u0435\u0442\u043e \u043d\u0430 \u0435\u043b\u0435\u043a\u0442\u0440\u043e\u043d\u043d\u0438 \u0438\u0437\u0434\u0430\u043d\u0438\u044f \u043a\u0430\u0442\u043e \u0435 \u0437\u0430\u043f\u0430\u0437\u0435\u043d \u043f\u043e\u0447\u0442\u0438 \u0431\u0435\u0437 \u043f\u0440\u043e\u043c\u044f\u043d\u0430. \u041f\u043e\u043f\u0443\u043b\u044f\u0440\u0438\u0437\u0438\u0440\u0430\u043d \u0435 \u043f\u0440\u0435\u0437 60\u0442\u0435 \u0433\u043e\u0434\u0438\u043d\u0438 \u043d\u0430 20\u0442\u0438 \u0432\u0435\u043a \u0441\u044a\u0441 \u0438\u0437\u0434\u0430\u0432\u0430\u043d\u0435\u0442\u043e \u043d\u0430 Letraset \u043b\u0438\u0441\u0442\u0438, \u0441\u044a\u0434\u044a\u0440\u0436\u0430\u0449\u0438 Lorem Ipsum \u043f\u0430\u0441\u0430\u0436\u0438, \u043f\u043e\u043f\u0443\u043b\u044f\u0440\u0435\u043d \u0435 \u0438 \u0432 \u043d\u0430\u0448\u0438 \u0434\u043d\u0438 \u0432\u044a\u0432 \u0441\u043e\u0444\u0442\u0443\u0435\u0440 \u0437\u0430 \u043f\u0435\u0447\u0430\u0442\u043d\u0438 \u0438\u0437\u0434\u0430\u043d\u0438\u044f \u043a\u0430\u0442\u043e Aldus PageMaker, \u043a\u043e\u0439\u0442\u043e \u0432\u043a\u043b\u044e\u0447\u0432\u0430 \u0440\u0430\u0437\u043b\u0438\u0447\u043d\u0438 \u0432\u0435\u0440\u0441\u0438\u0438 \u043d\u0430 Lorem Ipsum.   <\/p>\n\n<h2 class=\"wp-block-heading\">Catal\u00e0<\/h2>\n\n<p>Lorem Ipsum jest tekstem frazeologicznym u\u017cywanym w bran\u017cy typografii i druku. Lorem Ipsum jest standardowym tekstem u\u017cywanym w bran\u017cy od 1500 roku, kiedy to impresor mo\u017ce obs\u0142ugiwa\u0107 galeri\u0119 tekstu i czy\u015bci\u0107 j\u0105 w celu stworzenia listy tekst\u00f3w typograficznych. Nie chodzi tylko o to, \u017ce nie ma ju\u017c segment\u00f3w, ale tak\u017ce o to, \u017ce jest to czapka solna do tworzenia r\u00f3\u017cnych rodzaj\u00f3w tablet\u00f3w elektrycznych, kt\u00f3re s\u0105 przede wszystkim sensowne. B\u0119dzie popularny w 1960 roku dzi\u0119ki pe\u0142nemu Letrasetowi zawieraj\u0105cemu fragmenty Lorem Ipsum, a ostatnio dzi\u0119ki programom do automatycznej edycji Aldus Pagemaker, kt\u00f3re zawieraj\u0105 wersje Lorem Ipsum.   <\/p>\n\n<h2 class=\"wp-block-heading\">Hrvatski<\/h2>\n\n<p>Lorem Ipsum to pojedynczy probni tekst, kt\u00f3ry jest u\u017cywany w przemy\u015ble tiskarskoj i slovoslagarskoj. Lorem Ipsum jest standardem przemys\u0142owym od 16-og stolje\u0107a, co oznacza, \u017ce nie ma potrzeby u\u017cywania go do pisania w j\u0119zyku polskim. Jest to tekst, kt\u00f3ry nie ma sobie r\u00f3wnych, je\u015bli chodzi o elektronik\u0119 s\u0142owack\u0105. Postao je popularan tijekom 1960-ih s pojavom Letraset listova s odlomcima Lorem Ipsum-a, a u skorije vrijeme sa software-om za stolno izdava\u0161tvo kao \u0161to je Aldus PageMaker koji tako\u0111er sadr\u017ei varijante Lorem Ipsum-a.   <\/p>\n\n<h2 class=\"wp-block-heading\">\u010cesky<\/h2>\n\n<p>Lorem Ipsum jest tekstem demonstracyjnym przeznaczonym do u\u017cycia w tekstach pisanych i pisanych na klawiaturze. Lorem Ipsum jest standardem w tym regionie od 16. stulecia, poniewa\u017c w tym czasie nie ma ju\u017c tekstu, a na jego podstawie mo\u017cna uzyska\u0107 konkretn\u0105 czcionk\u0119. Ka\u017cdy z nich ma sw\u00f3j w\u0142asny stolec, na kt\u00f3rym mo\u017cna zainstalowa\u0107 elektronik\u0119 w dowolnym miejscu. Lorem Ipsum zosta\u0142o spopularyzowane w 20. dekadzie XX wieku, kiedy to zacz\u0119to stosowa\u0107 specyficzne czcionki na r\u00f3\u017cnych pasach i w r\u00f3\u017cnych programach DTP, takich jak Aldus PageMaker.     <\/p>\n\n<h2 class=\"wp-block-heading\">Rom\u00e2na<\/h2>\n\n<p>Lorem Ipsum to czysta i prosta czcionka do pisania tekstu w przemy\u015ble graficznym. Lorem Ipsum sta\u0142o si\u0119 standardem w przemy\u015ble w drugiej po\u0142owie XVI wieku, kiedy to anonimowy typograf opracowa\u0142 plan o\u015bwietlenia i opracowa\u0142 karty demonstracyjne dla poszczeg\u00f3lnych rodzaj\u00f3w o\u015bwietlenia. W ten spos\u00f3b, w ci\u0105gu kilkudziesi\u0119ciu lat, wzros\u0142a popularno\u015b\u0107 grafiki elektronicznej. Zosta\u0142 spopularyzowany w latach 60-tych dzi\u0119ki kolokwium Letraset, kt\u00f3re zawiera\u0142o pasje Lorem Ipsum, a ostatnio dzi\u0119ki programom do publikowania na kalkulatorze, takim jak Aldus PageMaker, kt\u00f3ry zawiera\u0142 wersje Lorem Ipsum.   <\/p>\n\n<h2 class=\"wp-block-heading\">\u0421\u0440\u043f\u0441\u043a\u0438<\/h2>\n\n<p>Lorem Ipsum \u0458\u0435 \u0458\u0435\u0434\u043d\u043e\u0441\u0442\u0430\u0432\u043d\u043e \u043c\u043e\u0434\u0435\u043b \u0442\u0435\u043a\u0441\u0442\u0430 \u043a\u043e\u0458\u0438 \u0441\u0435 \u043a\u043e\u0440\u0438\u0441\u0442\u0438 \u0443 \u0448\u0442\u0430\u043c\u043f\u0430\u0440\u0441\u043a\u043e\u0458 \u0438 \u0441\u043b\u043e\u0432\u043e\u0441\u043b\u0430\u0433\u0430\u0447\u043a\u043e\u0458 \u0438\u043d\u0434\u0443\u0441\u0442\u0440\u0438\u0458\u0438. Lorem ipsum \u0458\u0435 \u0431\u0438\u043e \u0441\u0442\u0430\u043d\u0434\u0430\u0440\u0434 \u0437\u0430 \u043c\u043e\u0434\u0435\u043b \u0442\u0435\u043a\u0441\u0442\u0430 \u0458\u043e\u0448 \u043e\u0434 1500. \u0433\u043e\u0434\u0438\u043d\u0435, \u043a\u0430\u0434\u0430 \u0458\u0435 \u043d\u0435\u043f\u043e\u0437\u043d\u0430\u0442\u0438 \u0448\u0442\u0430\u043c\u043f\u0430\u0440 \u0443\u0437\u0435\u043e \u043a\u0443\u0442\u0438\u0458\u0443 \u0441\u0430 \u0441\u043b\u043e\u0432\u0438\u043c\u0430 \u0438 \u0441\u043b\u043e\u0436\u0438\u043e \u0438\u0445 \u043a\u0430\u043a\u043e \u0431\u0438 \u043d\u0430\u043f\u0440\u0430\u0432\u0438\u043e \u0443\u0437\u043e\u0440\u0430\u043a \u043a\u045a\u0438\u0433\u0435. \u041d\u0435 \u0441\u0430\u043c\u043e \u0448\u0442\u043e \u0458\u0435 \u043e\u0432\u0430\u0458 \u043c\u043e\u0434\u0435\u043b \u043e\u043f\u0441\u0442\u0430\u043e \u043f\u0435\u0442 \u0432\u0435\u043a\u043e\u0432\u0430, \u043d\u0435\u0433\u043e \u0458\u0435 \u0447\u0430\u043a \u043f\u043e\u0447\u0435\u043e \u0434\u0430 \u0441\u0435 \u043a\u043e\u0440\u0438\u0441\u0442\u0438 \u0438 \u0443 \u0435\u043b\u0435\u043a\u0442\u0440\u043e\u043d\u0441\u043a\u0438\u043c \u043c\u0435\u0434\u0438\u0458\u0438\u043c\u0430, \u043d\u0435\u043f\u0440\u043e\u043c\u0435\u043d\u0438\u0432\u0448\u0438 \u0441\u0435. \u041f\u043e\u043f\u0443\u043b\u0430\u0440\u0438\u0437\u043e\u0432\u0430\u043d \u0458\u0435 \u0448\u0435\u0437\u0434\u0435\u0441\u0435\u0442\u0438\u0445 \u0433\u043e\u0434\u0438\u043d\u0430 \u0434\u0432\u0430\u0434\u0435\u0441\u0435\u0442\u043e\u0433 \u0432\u0435\u043a\u0430 \u0437\u0430\u0458\u0435\u0434\u043d\u043e \u0441\u0430 \u043b\u0438\u0441\u0442\u043e\u0432\u0438\u043c\u0430 \u043b\u0435\u0442\u0435\u0440\u0441\u0435\u0442\u0430 \u043a\u043e\u0458\u0438 \u0441\u0443 \u0441\u0430\u0434\u0440\u0436\u0430\u043b\u0438 Lorem Ipsum \u043f\u0430\u0441\u0443\u0441\u0435, \u0430 \u0434\u0430\u043d\u0430\u0441 \u0441\u0430 \u0441\u043e\u0444\u0442\u0432\u0435\u0440\u0441\u043a\u0438\u043c \u043f\u0430\u043a\u0435\u0442\u043e\u043c \u0437\u0430 \u043f\u0440\u0435\u043b\u043e\u043c \u043a\u0430\u043e \u0448\u0442\u043e \u0458\u0435 Aldus PageMaker \u043a\u043e\u0458\u0438 \u0458\u0435 \u0441\u0430\u0434\u0440\u0436\u0430\u043e Lorem Ipsum \u0432\u0435\u0440\u0437\u0438\u0458\u0435.    <\/p>\n","protected":false},"excerpt":{"rendered":"<p>Aliquam convallis neque vitae diam. In diam. Cum sociis natoque penatibus et magnis dis parturient montes, nascetur ridiculus mus. Duis fermentum arcu in tortor. Sed nibh leo, rhoncus eu, fermentum &hellip; <\/p>\n","protected":false},"author":1,"featured_media":99,"parent":0,"menu_order":0,"comment_status":"closed","ping_status":"closed","template":"","meta":{"_monsterinsights_skip_tracking":false,"_monsterinsights_sitenote_active":false,"_monsterinsights_sitenote_note":"","_monsterinsights_sitenote_category":0,"footnotes":""},"class_list":["post-11076","page","type-page","status-publish","has-post-thumbnail","hentry","latest_post"],"aioseo_notices":[],"_links":{"self":[{"href":"https:\/\/activetime.eu\/pl\/wp-json\/wp\/v2\/pages\/11076","targetHints":{"allow":["GET"]}}],"collection":[{"href":"https:\/\/activetime.eu\/pl\/wp-json\/wp\/v2\/pages"}],"about":[{"href":"https:\/\/activetime.eu\/pl\/wp-json\/wp\/v2\/types\/page"}],"author":[{"embeddable":true,"href":"https:\/\/activetime.eu\/pl\/wp-json\/wp\/v2\/users\/1"}],"replies":[{"embeddable":true,"href":"https:\/\/activetime.eu\/pl\/wp-json\/wp\/v2\/comments?post=11076"}],"version-history":[{"count":3,"href":"https:\/\/activetime.eu\/pl\/wp-json\/wp\/v2\/pages\/11076\/revisions"}],"predecessor-version":[{"id":11079,"href":"https:\/\/activetime.eu\/pl\/wp-json\/wp\/v2\/pages\/11076\/revisions\/11079"}],"wp:featuredmedia":[{"embeddable":true,"href":"https:\/\/activetime.eu\/pl\/wp-json\/wp\/v2\/media\/99"}],"wp:attachment":[{"href":"https:\/\/activetime.eu\/pl\/wp-json\/wp\/v2\/media?parent=11076"}],"curies":[{"name":"wp","href":"https:\/\/api.w.org\/{rel}","templated":true}]}}