{"id":7815,"date":"2022-03-15T08:51:15","date_gmt":"2022-03-15T08:51:15","guid":{"rendered":"https:\/\/activetime.eu\/strona-z-podziekowaniem-za-zapytanie-2\/"},"modified":"2022-03-15T08:51:15","modified_gmt":"2022-03-15T08:51:15","slug":"strona-z-podziekowaniem-za-zapytanie-2","status":"publish","type":"page","link":"https:\/\/activetime.eu\/pl\/strona-z-podziekowaniem-za-zapytanie-2\/","title":{"rendered":"Strona z podzi\u0119kowaniem za zapytanie"},"content":{"rendered":"<p>Dzi\u0119kujemy za zapytanie. Wkr\u00f3tce skontaktujemy si\u0119 z Pa\u0144stwem. <\/p>\n","protected":false},"excerpt":{"rendered":"<p>Dzi\u0119kujemy za zapytanie. Wkr\u00f3tce skontaktujemy si\u0119 z Pa\u0144stwem.<\/p>\n","protected":false},"author":1,"featured_media":0,"parent":0,"menu_order":0,"comment_status":"closed","ping_status":"closed","template":"","meta":{"_monsterinsights_skip_tracking":false,"_monsterinsights_sitenote_active":false,"_monsterinsights_sitenote_note":"","_monsterinsights_sitenote_category":0,"footnotes":""},"class_list":["post-7815","page","type-page","status-publish","hentry","latest_post"],"aioseo_notices":[],"_links":{"self":[{"href":"https:\/\/activetime.eu\/pl\/wp-json\/wp\/v2\/pages\/7815","targetHints":{"allow":["GET"]}}],"collection":[{"href":"https:\/\/activetime.eu\/pl\/wp-json\/wp\/v2\/pages"}],"about":[{"href":"https:\/\/activetime.eu\/pl\/wp-json\/wp\/v2\/types\/page"}],"author":[{"embeddable":true,"href":"https:\/\/activetime.eu\/pl\/wp-json\/wp\/v2\/users\/1"}],"replies":[{"embeddable":true,"href":"https:\/\/activetime.eu\/pl\/wp-json\/wp\/v2\/comments?post=7815"}],"version-history":[{"count":0,"href":"https:\/\/activetime.eu\/pl\/wp-json\/wp\/v2\/pages\/7815\/revisions"}],"wp:attachment":[{"href":"https:\/\/activetime.eu\/pl\/wp-json\/wp\/v2\/media?parent=7815"}],"curies":[{"name":"wp","href":"https:\/\/api.w.org\/{rel}","templated":true}]}}